{"id":5013,"date":"2023-08-26T11:37:58","date_gmt":"2023-08-26T11:37:58","guid":{"rendered":"https:\/\/dev.rentboatscostabrava.com\/rutes\/"},"modified":"2025-06-17T12:52:04","modified_gmt":"2025-06-17T12:52:04","slug":"rutes-en-barca-palamos","status":"publish","type":"page","link":"https:\/\/rentboatscostabrava.com\/ca\/rutes-en-barca-palamos\/","title":{"rendered":"Rutes en barca per Palam\u00f3s"},"content":{"rendered":"\t\t<div data-elementor-type=\"wp-page\" data-elementor-id=\"5013\" class=\"elementor elementor-5013 elementor-2135\">\n\t\t\t\t\t\t<section class=\"elementor-section elementor-top-section elementor-element elementor-element-093ed5c elementor-section-boxed elementor-section-height-default elementor-section-height-default\" data-id=\"093ed5c\" data-element_type=\"section\" data-e-type=\"section\">\r\n\t\t\t\t\t\t<div class=\"elementor-container elementor-column-gap-thegem\"><div class=\"elementor-row\">\r\n\t\t\t\t\t<div class=\"elementor-column elementor-col-100 elementor-top-column elementor-element elementor-element-177cb28\" data-id=\"177cb28\" data-element_type=\"column\" data-e-type=\"column\">\n\t\t\t<div class=\"elementor-widget-wrap elementor-element-populated\">\n\t\t\t\t\t\t<div class=\"elementor-element elementor-element-31e62a9 flex-horizontal-align-default flex-horizontal-align-tablet-default flex-horizontal-align-mobile-default flex-vertical-align-default flex-vertical-align-tablet-default flex-vertical-align-mobile-default elementor-widget elementor-widget-spacer\" data-id=\"31e62a9\" data-element_type=\"widget\" data-e-type=\"widget\" data-widget_type=\"spacer.default\">\n\t\t\t\t<div class=\"elementor-widget-container\">\n\t\t\t\t\t\t\t<div class=\"elementor-spacer\">\n\t\t\t<div class=\"elementor-spacer-inner\"><\/div>\n\t\t<\/div>\n\t\t\t\t\t\t<\/div>\n\t\t\t\t<\/div>\n\t\t\t\t\t<\/div>\n\t\t<\/div>\n\t\t\t\t\t<\/div><\/div>\r\n\t\t<\/section>\r\n\t\t\t\t<section class=\"elementor-section elementor-top-section elementor-element elementor-element-e1fbb08 elementor-section-boxed elementor-section-height-default elementor-section-height-default\" data-id=\"e1fbb08\" data-element_type=\"section\" data-e-type=\"section\">\r\n\t\t\t\t\t\t<div class=\"elementor-container elementor-column-gap-thegem\"><div class=\"elementor-row\">\r\n\t\t\t\t\t<div class=\"elementor-column elementor-col-50 elementor-top-column elementor-element elementor-element-95c7b80\" data-id=\"95c7b80\" data-element_type=\"column\" data-e-type=\"column\" data-settings=\"{&quot;background_background&quot;:&quot;classic&quot;}\">\n\t\t\t<div class=\"elementor-widget-wrap elementor-element-populated\">\n\t\t\t\t\t\t<div class=\"elementor-element elementor-element-1883ceb flex-horizontal-align-default flex-horizontal-align-tablet-default flex-horizontal-align-mobile-default flex-vertical-align-default flex-vertical-align-tablet-default flex-vertical-align-mobile-default elementor-widget elementor-widget-spacer\" data-id=\"1883ceb\" data-element_type=\"widget\" data-e-type=\"widget\" data-widget_type=\"spacer.default\">\n\t\t\t\t<div class=\"elementor-widget-container\">\n\t\t\t\t\t\t\t<div class=\"elementor-spacer\">\n\t\t\t<div class=\"elementor-spacer-inner\"><\/div>\n\t\t<\/div>\n\t\t\t\t\t\t<\/div>\n\t\t\t\t<\/div>\n\t\t\t\t\t<\/div>\n\t\t<\/div>\n\t\t\t\t<div class=\"elementor-column elementor-col-50 elementor-top-column elementor-element elementor-element-4df4e48\" data-id=\"4df4e48\" data-element_type=\"column\" data-e-type=\"column\" data-settings=\"{&quot;background_background&quot;:&quot;classic&quot;}\">\n\t\t\t<div class=\"elementor-widget-wrap elementor-element-populated\">\n\t\t\t\t\t\t<div class=\"elementor-element elementor-element-a91af84 flex-horizontal-align-default flex-horizontal-align-tablet-default flex-horizontal-align-mobile-default flex-vertical-align-default flex-vertical-align-tablet-default flex-vertical-align-mobile-default elementor-widget elementor-widget-thegem-animated-heading\" data-id=\"a91af84\" data-element_type=\"widget\" data-e-type=\"widget\" data-widget_type=\"thegem-animated-heading.default\">\n\t\t\t\t<div class=\"elementor-widget-container\">\n\t\t\t\t\t<div class=\"thegem-heading thegem-animated-heading title-h2 with-label-icon\" id=\"thegem-heading-a91af84\"><span class=\"label-icon-wrap\"><span class=\"icon\"><i aria-hidden=\"true\" class=\"gem-elegant icon-compass-alt\"><\/i><\/span><span><span>Ruta Nord<\/span> <\/span><\/span><\/div><style type=\"text\/css\">#thegem-heading-a91af84 {margin: 0;}<\/style>\t\t\t\t<\/div>\n\t\t\t\t<\/div>\n\t\t\t\t<div class=\"elementor-element elementor-element-cc319b3 flex-horizontal-align-default flex-horizontal-align-tablet-default flex-horizontal-align-mobile-default flex-vertical-align-default flex-vertical-align-tablet-default flex-vertical-align-mobile-default elementor-widget elementor-widget-text-editor\" data-id=\"cc319b3\" data-element_type=\"widget\" data-e-type=\"widget\" data-widget_type=\"text-editor.default\">\n\t\t\t\t<div class=\"elementor-widget-container\">\n\t\t\t\t\t\t\t\t\t\t\t\t<div class=\"elementor-text-editor elementor-clearfix\">\r\n\t\t\t\t\t\tExplora cales verges, pobles mariners i aig\u00fces cristal\u00b7lines a la ruta nord des de Palam\u00f3s. Una experi\u00e8ncia inoblidable navegant pel millor de la Costa Brava. \t\t\t\t\t\t\t<\/div>\r\n\t\t\t\t\t\t\t\t\t\t<\/div>\n\t\t\t\t<\/div>\n\t\t\t\t<div class=\"elementor-element elementor-element-f99d965 flex-horizontal-align-default flex-horizontal-align-tablet-default flex-horizontal-align-mobile-default flex-vertical-align-default flex-vertical-align-tablet-default flex-vertical-align-mobile-default elementor-widget elementor-widget-thegem-styledbutton\" data-id=\"f99d965\" data-element_type=\"widget\" data-e-type=\"widget\" data-settings=\"{&quot;thegem_button_skin&quot;:&quot;flat&quot;}\" data-widget_type=\"thegem-styledbutton.default\">\n\t\t\t\t<div class=\"elementor-widget-container\">\n\t\t\t\t\t\n<div class=\"gem-button-container gem-widget-button\">\n\n\t\t<a class=\"gem-button gem-button-size-medium gem-button-text-weight-bold gem-button-style-flat\" href=\"\/ca\/rutes-en-barca-palamos\/nord\/\">\n\t\t<span class=\"gem-inner-wrapper-btn\">\n\t\t\t\t\t\t<span class=\"gem-text-button\">\n\t\t\t\tveure la ruta\t\t\t<\/span>\n\t\t<\/span>\n\t<\/a>\n\n\t\n<\/div>\t\t\t\t<\/div>\n\t\t\t\t<\/div>\n\t\t\t\t\t<\/div>\n\t\t<\/div>\n\t\t\t\t\t<\/div><\/div>\r\n\t\t<\/section>\r\n\t\t\t\t<section class=\"elementor-section elementor-top-section elementor-element elementor-element-4a2bbbc elementor-reverse-tablet elementor-reverse-mobile elementor-section-boxed elementor-section-height-default elementor-section-height-default\" data-id=\"4a2bbbc\" data-element_type=\"section\" data-e-type=\"section\">\r\n\t\t\t\t\t\t<div class=\"elementor-container elementor-column-gap-thegem\"><div class=\"elementor-row\">\r\n\t\t\t\t\t<div class=\"elementor-column elementor-col-50 elementor-top-column elementor-element elementor-element-5316e7d\" data-id=\"5316e7d\" data-element_type=\"column\" data-e-type=\"column\" data-settings=\"{&quot;background_background&quot;:&quot;classic&quot;}\">\n\t\t\t<div class=\"elementor-widget-wrap elementor-element-populated\">\n\t\t\t\t\t\t<div class=\"elementor-element elementor-element-4dde890 flex-horizontal-align-default flex-horizontal-align-tablet-default flex-horizontal-align-mobile-default flex-vertical-align-default flex-vertical-align-tablet-default flex-vertical-align-mobile-default elementor-widget elementor-widget-thegem-animated-heading\" data-id=\"4dde890\" data-element_type=\"widget\" data-e-type=\"widget\" data-widget_type=\"thegem-animated-heading.default\">\n\t\t\t\t<div class=\"elementor-widget-container\">\n\t\t\t\t\t<div class=\"thegem-heading thegem-animated-heading title-h2 with-label-icon\" id=\"thegem-heading-4dde890\"><span class=\"label-icon-wrap\"><span class=\"icon\"><i aria-hidden=\"true\" class=\"gem-elegant icon-compass\"><\/i><\/span><span><span>Ruta Sud<\/span> <\/span><\/span><\/div><style type=\"text\/css\">#thegem-heading-4dde890 {margin: 0;}<\/style>\t\t\t\t<\/div>\n\t\t\t\t<\/div>\n\t\t\t\t<div class=\"elementor-element elementor-element-45a484b flex-horizontal-align-default flex-horizontal-align-tablet-default flex-horizontal-align-mobile-default flex-vertical-align-default flex-vertical-align-tablet-default flex-vertical-align-mobile-default elementor-widget elementor-widget-text-editor\" data-id=\"45a484b\" data-element_type=\"widget\" data-e-type=\"widget\" data-widget_type=\"text-editor.default\">\n\t\t\t\t<div class=\"elementor-widget-container\">\n\t\t\t\t\t\t\t\t\t\t\t\t<div class=\"elementor-text-editor elementor-clearfix\">\r\n\t\t\t\t\t\t<p>Navega cap al sud des de Palam\u00f3s i descobreix platges \u00e0mplies, penya-segats espectaculars i racons \u00fanics de la Costa Brava. Una ruta perfecta per relaxar-se i explorar. <\/p>\t\t\t\t\t\t\t<\/div>\r\n\t\t\t\t\t\t\t\t\t\t<\/div>\n\t\t\t\t<\/div>\n\t\t\t\t<div class=\"elementor-element elementor-element-b2eb777 flex-horizontal-align-default flex-horizontal-align-tablet-default flex-horizontal-align-mobile-default flex-vertical-align-default flex-vertical-align-tablet-default flex-vertical-align-mobile-default elementor-widget elementor-widget-thegem-styledbutton\" data-id=\"b2eb777\" data-element_type=\"widget\" data-e-type=\"widget\" data-settings=\"{&quot;thegem_button_skin&quot;:&quot;flat&quot;}\" data-widget_type=\"thegem-styledbutton.default\">\n\t\t\t\t<div class=\"elementor-widget-container\">\n\t\t\t\t\t\n<div class=\"gem-button-container gem-widget-button\">\n\n\t\t<a class=\"gem-button gem-button-size-medium gem-button-text-weight-bold gem-button-style-flat\" href=\"\/ca\/rutes-en-barca-palamos\/sud\/\">\n\t\t<span class=\"gem-inner-wrapper-btn\">\n\t\t\t\t\t\t<span class=\"gem-text-button\">\n\t\t\t\tveure la ruta\t\t\t<\/span>\n\t\t<\/span>\n\t<\/a>\n\n\t\n<\/div>\t\t\t\t<\/div>\n\t\t\t\t<\/div>\n\t\t\t\t\t<\/div>\n\t\t<\/div>\n\t\t\t\t<div class=\"elementor-column elementor-col-50 elementor-top-column elementor-element elementor-element-23ce2fb\" data-id=\"23ce2fb\" data-element_type=\"column\" data-e-type=\"column\" data-settings=\"{&quot;background_background&quot;:&quot;classic&quot;}\">\n\t\t\t<div class=\"elementor-widget-wrap elementor-element-populated\">\n\t\t\t\t\t\t<div class=\"elementor-element elementor-element-9d6025e flex-horizontal-align-default flex-horizontal-align-tablet-default flex-horizontal-align-mobile-default flex-vertical-align-default flex-vertical-align-tablet-default flex-vertical-align-mobile-default elementor-widget elementor-widget-spacer\" data-id=\"9d6025e\" data-element_type=\"widget\" data-e-type=\"widget\" data-widget_type=\"spacer.default\">\n\t\t\t\t<div class=\"elementor-widget-container\">\n\t\t\t\t\t\t\t<div class=\"elementor-spacer\">\n\t\t\t<div class=\"elementor-spacer-inner\"><\/div>\n\t\t<\/div>\n\t\t\t\t\t\t<\/div>\n\t\t\t\t<\/div>\n\t\t\t\t\t<\/div>\n\t\t<\/div>\n\t\t\t\t\t<\/div><\/div>\r\n\t\t<\/section>\r\n\t\t\t\t<\/div>\n\t\t","protected":false},"excerpt":{"rendered":"Descobreix cales \u00faniques navegant per les nostres rutes nord i sud","protected":false},"author":1,"featured_media":0,"parent":0,"menu_order":0,"comment_status":"closed","ping_status":"closed","template":"page-fullwidth.php","meta":{"_acf_changed":false,"footnotes":""},"class_list":["post-5013","page","type-page","status-publish"],"acf":[],"yoast_head":"<!-- This site is optimized with the Yoast SEO plugin v27.5 - https:\/\/yoast.com\/product\/yoast-seo-wordpress\/ -->\n<title>Rutes en barca per Palam\u00f3s | Rent Boats Costa Brava<\/title>\n<meta name=\"description\" content=\"Descobreix les millors rutes en vaixell des de Palam\u00f3s. Explora cales i platges \u00faniques de la Costa Brava amb o sense llic\u00e8ncia.\" \/>\n<meta name=\"robots\" content=\"index, follow, max-snippet:-1, max-image-preview:large, max-video-preview:-1\" \/>\n<link rel=\"canonical\" href=\"https:\/\/rentboatscostabrava.com\/ca\/rutes-en-barca-palamos\/\" \/>\n<meta property=\"og:locale\" content=\"ca_ES\" \/>\n<meta property=\"og:type\" content=\"article\" \/>\n<meta property=\"og:title\" content=\"Rutes en barca per Palam\u00f3s | Rent Boats Costa Brava\" \/>\n<meta property=\"og:description\" content=\"Descobreix les millors rutes en vaixell des de Palam\u00f3s. Explora cales i platges \u00faniques de la Costa Brava amb o sense llic\u00e8ncia.\" \/>\n<meta property=\"og:url\" content=\"https:\/\/rentboatscostabrava.com\/ca\/rutes-en-barca-palamos\/\" \/>\n<meta property=\"og:site_name\" content=\"Rent Boats Costa Brava\" \/>\n<meta property=\"article:modified_time\" content=\"2025-06-17T12:52:04+00:00\" \/>\n<meta name=\"twitter:card\" content=\"summary_large_image\" \/>\n<meta name=\"twitter:label1\" content=\"Temps estimat de lectura\" \/>\n\t<meta name=\"twitter:data1\" content=\"1 minut\" \/>\n<script type=\"application\/ld+json\" class=\"yoast-schema-graph\">{\"@context\":\"https:\\\/\\\/schema.org\",\"@graph\":[{\"@type\":\"WebPage\",\"@id\":\"https:\\\/\\\/rentboatscostabrava.com\\\/ca\\\/rutes-en-barca-palamos\\\/\",\"url\":\"https:\\\/\\\/rentboatscostabrava.com\\\/ca\\\/rutes-en-barca-palamos\\\/\",\"name\":\"Rutes en barca per Palam\u00f3s | Rent Boats Costa Brava\",\"isPartOf\":{\"@id\":\"https:\\\/\\\/rentboatscostabrava.com\\\/ca\\\/#website\"},\"datePublished\":\"2023-08-26T11:37:58+00:00\",\"dateModified\":\"2025-06-17T12:52:04+00:00\",\"description\":\"Descobreix les millors rutes en vaixell des de Palam\u00f3s. Explora cales i platges \u00faniques de la Costa Brava amb o sense llic\u00e8ncia.\",\"breadcrumb\":{\"@id\":\"https:\\\/\\\/rentboatscostabrava.com\\\/ca\\\/rutes-en-barca-palamos\\\/#breadcrumb\"},\"inLanguage\":\"ca\",\"potentialAction\":[{\"@type\":\"ReadAction\",\"target\":[\"https:\\\/\\\/rentboatscostabrava.com\\\/ca\\\/rutes-en-barca-palamos\\\/\"]}]},{\"@type\":\"BreadcrumbList\",\"@id\":\"https:\\\/\\\/rentboatscostabrava.com\\\/ca\\\/rutes-en-barca-palamos\\\/#breadcrumb\",\"itemListElement\":[{\"@type\":\"ListItem\",\"position\":1,\"name\":\"Portada\",\"item\":\"https:\\\/\\\/rentboatscostabrava.com\\\/ca\\\/\"},{\"@type\":\"ListItem\",\"position\":2,\"name\":\"Rutes en barca per Palam\u00f3s\"}]},{\"@type\":\"WebSite\",\"@id\":\"https:\\\/\\\/rentboatscostabrava.com\\\/ca\\\/#website\",\"url\":\"https:\\\/\\\/rentboatscostabrava.com\\\/ca\\\/\",\"name\":\"Rent Boats Costa Brava\",\"description\":\"\",\"publisher\":{\"@id\":\"https:\\\/\\\/rentboatscostabrava.com\\\/ca\\\/#organization\"},\"potentialAction\":[{\"@type\":\"SearchAction\",\"target\":{\"@type\":\"EntryPoint\",\"urlTemplate\":\"https:\\\/\\\/rentboatscostabrava.com\\\/ca\\\/?s={search_term_string}\"},\"query-input\":{\"@type\":\"PropertyValueSpecification\",\"valueRequired\":true,\"valueName\":\"search_term_string\"}}],\"inLanguage\":\"ca\"},{\"@type\":\"Organization\",\"@id\":\"https:\\\/\\\/rentboatscostabrava.com\\\/ca\\\/#organization\",\"name\":\"Rent Boats Costa Brava\",\"url\":\"https:\\\/\\\/rentboatscostabrava.com\\\/ca\\\/\",\"logo\":{\"@type\":\"ImageObject\",\"inLanguage\":\"ca\",\"@id\":\"https:\\\/\\\/rentboatscostabrava.com\\\/ca\\\/#\\\/schema\\\/logo\\\/image\\\/\",\"url\":\"https:\\\/\\\/rentboatscostabrava.com\\\/wp-content\\\/uploads\\\/2025\\\/03\\\/logo-rent-a-boat-palamos.png\",\"contentUrl\":\"https:\\\/\\\/rentboatscostabrava.com\\\/wp-content\\\/uploads\\\/2025\\\/03\\\/logo-rent-a-boat-palamos.png\",\"width\":399,\"height\":251,\"caption\":\"Rent Boats Costa Brava\"},\"image\":{\"@id\":\"https:\\\/\\\/rentboatscostabrava.com\\\/ca\\\/#\\\/schema\\\/logo\\\/image\\\/\"},\"sameAs\":[\"https:\\\/\\\/www.instagram.com\\\/rentboats_costabrava\\\/\"]}]}<\/script>\n<!-- \/ Yoast SEO plugin. -->","yoast_head_json":{"title":"Rutes en barca per Palam\u00f3s | Rent Boats Costa Brava","description":"Descobreix les millors rutes en vaixell des de Palam\u00f3s. Explora cales i platges \u00faniques de la Costa Brava amb o sense llic\u00e8ncia.","robots":{"index":"index","follow":"follow","max-snippet":"max-snippet:-1","max-image-preview":"max-image-preview:large","max-video-preview":"max-video-preview:-1"},"canonical":"https:\/\/rentboatscostabrava.com\/ca\/rutes-en-barca-palamos\/","og_locale":"ca_ES","og_type":"article","og_title":"Rutes en barca per Palam\u00f3s | Rent Boats Costa Brava","og_description":"Descobreix les millors rutes en vaixell des de Palam\u00f3s. Explora cales i platges \u00faniques de la Costa Brava amb o sense llic\u00e8ncia.","og_url":"https:\/\/rentboatscostabrava.com\/ca\/rutes-en-barca-palamos\/","og_site_name":"Rent Boats Costa Brava","article_modified_time":"2025-06-17T12:52:04+00:00","twitter_card":"summary_large_image","twitter_misc":{"Temps estimat de lectura":"1 minut"},"schema":{"@context":"https:\/\/schema.org","@graph":[{"@type":"WebPage","@id":"https:\/\/rentboatscostabrava.com\/ca\/rutes-en-barca-palamos\/","url":"https:\/\/rentboatscostabrava.com\/ca\/rutes-en-barca-palamos\/","name":"Rutes en barca per Palam\u00f3s | Rent Boats Costa Brava","isPartOf":{"@id":"https:\/\/rentboatscostabrava.com\/ca\/#website"},"datePublished":"2023-08-26T11:37:58+00:00","dateModified":"2025-06-17T12:52:04+00:00","description":"Descobreix les millors rutes en vaixell des de Palam\u00f3s. Explora cales i platges \u00faniques de la Costa Brava amb o sense llic\u00e8ncia.","breadcrumb":{"@id":"https:\/\/rentboatscostabrava.com\/ca\/rutes-en-barca-palamos\/#breadcrumb"},"inLanguage":"ca","potentialAction":[{"@type":"ReadAction","target":["https:\/\/rentboatscostabrava.com\/ca\/rutes-en-barca-palamos\/"]}]},{"@type":"BreadcrumbList","@id":"https:\/\/rentboatscostabrava.com\/ca\/rutes-en-barca-palamos\/#breadcrumb","itemListElement":[{"@type":"ListItem","position":1,"name":"Portada","item":"https:\/\/rentboatscostabrava.com\/ca\/"},{"@type":"ListItem","position":2,"name":"Rutes en barca per Palam\u00f3s"}]},{"@type":"WebSite","@id":"https:\/\/rentboatscostabrava.com\/ca\/#website","url":"https:\/\/rentboatscostabrava.com\/ca\/","name":"Rent Boats Costa Brava","description":"","publisher":{"@id":"https:\/\/rentboatscostabrava.com\/ca\/#organization"},"potentialAction":[{"@type":"SearchAction","target":{"@type":"EntryPoint","urlTemplate":"https:\/\/rentboatscostabrava.com\/ca\/?s={search_term_string}"},"query-input":{"@type":"PropertyValueSpecification","valueRequired":true,"valueName":"search_term_string"}}],"inLanguage":"ca"},{"@type":"Organization","@id":"https:\/\/rentboatscostabrava.com\/ca\/#organization","name":"Rent Boats Costa Brava","url":"https:\/\/rentboatscostabrava.com\/ca\/","logo":{"@type":"ImageObject","inLanguage":"ca","@id":"https:\/\/rentboatscostabrava.com\/ca\/#\/schema\/logo\/image\/","url":"https:\/\/rentboatscostabrava.com\/wp-content\/uploads\/2025\/03\/logo-rent-a-boat-palamos.png","contentUrl":"https:\/\/rentboatscostabrava.com\/wp-content\/uploads\/2025\/03\/logo-rent-a-boat-palamos.png","width":399,"height":251,"caption":"Rent Boats Costa Brava"},"image":{"@id":"https:\/\/rentboatscostabrava.com\/ca\/#\/schema\/logo\/image\/"},"sameAs":["https:\/\/www.instagram.com\/rentboats_costabrava\/"]}]}},"_links":{"self":[{"href":"https:\/\/rentboatscostabrava.com\/ca\/wp-json\/wp\/v2\/pages\/5013","targetHints":{"allow":["GET"]}}],"collection":[{"href":"https:\/\/rentboatscostabrava.com\/ca\/wp-json\/wp\/v2\/pages"}],"about":[{"href":"https:\/\/rentboatscostabrava.com\/ca\/wp-json\/wp\/v2\/types\/page"}],"author":[{"embeddable":true,"href":"https:\/\/rentboatscostabrava.com\/ca\/wp-json\/wp\/v2\/users\/1"}],"replies":[{"embeddable":true,"href":"https:\/\/rentboatscostabrava.com\/ca\/wp-json\/wp\/v2\/comments?post=5013"}],"version-history":[{"count":13,"href":"https:\/\/rentboatscostabrava.com\/ca\/wp-json\/wp\/v2\/pages\/5013\/revisions"}],"predecessor-version":[{"id":11043,"href":"https:\/\/rentboatscostabrava.com\/ca\/wp-json\/wp\/v2\/pages\/5013\/revisions\/11043"}],"wp:attachment":[{"href":"https:\/\/rentboatscostabrava.com\/ca\/wp-json\/wp\/v2\/media?parent=5013"}],"curies":[{"name":"wp","href":"https:\/\/api.w.org\/{rel}","templated":true}]}}