{"id":12890,"date":"2025-07-10T11:29:39","date_gmt":"2025-07-10T11:29:39","guid":{"rendered":"https:\/\/rentboatscostabrava.com\/politique-de-confidentialite\/"},"modified":"2025-07-10T14:11:00","modified_gmt":"2025-07-10T14:11:00","slug":"politique-de-confidentialite","status":"publish","type":"page","link":"https:\/\/rentboatscostabrava.com\/fr\/politique-de-confidentialite\/","title":{"rendered":"Politique de confidentialit\u00e9"},"content":{"rendered":"\n<h3 class=\"wp-block-heading\"><strong>Politique de confidentialit\u00e9<\/strong><\/h3>\n\n<p>Chez <strong>Rent Boats Costa Brava<\/strong>, propri\u00e9t\u00e9 d&rsquo;<strong>Iv\u00e1n L\u00f3pez Monteagudo<\/strong>, nous nous engageons \u00e0 prot\u00e9ger la vie priv\u00e9e de nos utilisateurs et clients. Cette politique d\u00e9taille comment nous collectons, utilisons et prot\u00e9geons vos donn\u00e9es personnelles, conform\u00e9ment au r\u00e8glement (UE) 2016\/679 (RGPD) et \u00e0 la loi organique 3\/2018 (LOPDGDD). <\/p>\n\n<hr class=\"wp-block-separator has-alpha-channel-opacity\"\/>\n\n<h4 class=\"wp-block-heading\"><strong>1. le responsable du traitement des donn\u00e9es<\/strong><\/h4>\n\n<ul class=\"wp-block-list\">\n<li><strong>Membre<\/strong>: Iv\u00e1n L\u00f3pez Monteagudo<\/li>\n\n\n\n<li><strong>DNI<\/strong>: 44988459E<\/li>\n\n\n\n<li><strong>Adresse<\/strong>: Av. Cantabria, 27, 17251 &#8211; Calonge i Sant Antoni, Girona <\/li>\n\n\n\n<li><strong>Courriel de contact<\/strong>: <a>info@rentboatscostabrava.com<\/a><\/li>\n<\/ul>\n\n<hr class=\"wp-block-separator has-alpha-channel-opacity\"\/>\n\n<h4 class=\"wp-block-heading\"><strong>2. Donn\u00e9es \u00e0 caract\u00e8re personnel que nous collectons<\/strong><\/h4>\n\n<p>Nous pouvons recueillir les informations suivantes par le biais de formulaires de contact, de r\u00e9servations, d&rsquo;e-mails ou de tout autre moyen en rapport avec nos activit\u00e9s :<\/p>\n\n<ul class=\"wp-block-list\">\n<li>Nom et pr\u00e9nom<\/li>\n\n\n\n<li>Adresse \u00e9lectronique<\/li>\n\n\n\n<li>Num\u00e9ro de t\u00e9l\u00e9phone<\/li>\n\n\n\n<li>Informations relatives \u00e0 la r\u00e9servation (date, heure, type de navire)<\/li>\n\n\n\n<li>Adresse IP et donn\u00e9es techniques du navigateur et de l&rsquo;appareil<\/li>\n<\/ul>\n\n<hr class=\"wp-block-separator has-alpha-channel-opacity\"\/>\n\n<h4 class=\"wp-block-heading\"><strong>3. Finalit\u00e9s du traitement<\/strong><\/h4>\n\n<p>Les donn\u00e9es sont utilis\u00e9es pour :<\/p>\n\n<ul class=\"wp-block-list\">\n<li>G\u00e9rer les demandes de r\u00e9servation de navires<\/li>\n\n\n\n<li>Contacter l&rsquo;utilisateur pour confirmer, modifier ou annuler les r\u00e9servations.<\/li>\n\n\n\n<li>R\u00e9pondre aux demandes ou aux requ\u00eates<\/li>\n\n\n\n<li>Envoyer des communications commerciales lorsque cela est express\u00e9ment autoris\u00e9<\/li>\n\n\n\n<li>Respecter les obligations l\u00e9gales pertinentes<\/li>\n<\/ul>\n\n<hr class=\"wp-block-separator has-alpha-channel-opacity\"\/>\n\n<h4 class=\"wp-block-heading\"><strong>4. L\u00e9gitimation du traitement<\/strong><\/h4>\n\n<p>La base juridique du traitement de vos donn\u00e9es est la suivante :<\/p>\n\n<ul class=\"wp-block-list\">\n<li>Votre consentement explicite lorsque vous soumettez des formulaires ou que vous vous inscrivez \u00e0 des formulaires<\/li>\n\n\n\n<li>Ex\u00e9cution d&rsquo;un contrat (r\u00e9servation de navire)<\/li>\n\n\n\n<li>Respect des obligations l\u00e9gales applicables<\/li>\n<\/ul>\n\n<hr class=\"wp-block-separator has-alpha-channel-opacity\"\/>\n\n<h4 class=\"wp-block-heading\"><strong>5. Destinataires des donn\u00e9es<\/strong><\/h4>\n\n<p>Vos donn\u00e9es ne seront pas transmises \u00e0 des tiers, sauf en cas d&rsquo;obligation l\u00e9gale ou si cela est n\u00e9cessaire \u00e0 la fourniture du service (par exemple, les compagnies d&rsquo;assurance en cas d&rsquo;incident). Nous ne transf\u00e9rons pas de donn\u00e9es au niveau international. <\/p>\n\n<hr class=\"wp-block-separator has-alpha-channel-opacity\"\/>\n\n<h4 class=\"wp-block-heading\"><strong>6. Droits de l&rsquo;utilisateur<\/strong><\/h4>\n\n<p>Vous avez le droit de :<\/p>\n\n<ul class=\"wp-block-list\">\n<li>Acc\u00e8s \u00e0 vos donn\u00e9es personnelles<\/li>\n\n\n\n<li>Rectifier les donn\u00e9es inexactes<\/li>\n\n\n\n<li>Demander sa suppression<\/li>\n\n\n\n<li>S&rsquo;opposer \u00e0 leur traitement ou le limiter<\/li>\n\n\n\n<li>Demander leur portabilit\u00e9<\/li>\n\n\n\n<li>Retirer son consentement \u00e0 tout moment<\/li>\n<\/ul>\n\n<p>Pour exercer ces droits, vous pouvez envoyer une demande \u00e0 <strong><a>info@rentboatscostabrava.com<\/a><\/strong> en joignant une copie de votre pi\u00e8ce d&rsquo;identit\u00e9.<\/p>\n\n<hr class=\"wp-block-separator has-alpha-channel-opacity\"\/>\n\n<h4 class=\"wp-block-heading\"><strong>7. Conservation des donn\u00e9es<\/strong><\/h4>\n\n<p>Vos donn\u00e9es personnelles seront conserv\u00e9es pendant la dur\u00e9e n\u00e9cessaire \u00e0 la r\u00e9alisation de l&rsquo;objectif pour lequel elles ont \u00e9t\u00e9 collect\u00e9es et aussi longtemps que des responsabilit\u00e9s l\u00e9gales peuvent se pr\u00e9senter. Ensuite, elles seront d\u00fbment supprim\u00e9es. <\/p>\n\n<hr class=\"wp-block-separator has-alpha-channel-opacity\"\/>\n\n<h4 class=\"wp-block-heading\"><strong>8. S\u00e9curit\u00e9 des donn\u00e9es<\/strong><\/h4>\n\n<p>Nous appliquons des mesures techniques et organisationnelles appropri\u00e9es pour garantir la s\u00e9curit\u00e9 et la confidentialit\u00e9 des donn\u00e9es, en emp\u00eachant leur alt\u00e9ration, leur perte, leur traitement ou leur acc\u00e8s non autoris\u00e9.<\/p>\n\n<hr class=\"wp-block-separator has-alpha-channel-opacity\"\/>\n\n<h4 class=\"wp-block-heading\"><strong>9. Modifications de la pr\u00e9sente politique<\/strong><\/h4>\n\n<p>Nous nous r\u00e9servons le droit de modifier cette politique afin de l&rsquo;adapter aux nouvelles l\u00e9gislations ou pratiques industrielles. Toute modification sera publi\u00e9e sur cette page raisonnablement avant sa mise en \u0153uvre. <\/p>\n","protected":false},"excerpt":{"rendered":"Politique de confidentialit\u00e9 Chez Rent Boats Costa Brava, propri\u00e9t\u00e9 d&rsquo;Iv\u00e1n L\u00f3pez Monteagudo, nous nous engageons \u00e0 prot\u00e9ger la vie priv\u00e9e&#8230;","protected":false},"author":1,"featured_media":0,"parent":0,"menu_order":0,"comment_status":"closed","ping_status":"closed","template":"","meta":{"_acf_changed":false,"footnotes":""},"class_list":["post-12890","page","type-page","status-publish"],"acf":[],"yoast_head":"<!-- This site is optimized with the Yoast SEO plugin v27.5 - https:\/\/yoast.com\/product\/yoast-seo-wordpress\/ -->\n<title>Politique de confidentialit\u00e9 - Rent Boats Costa Brava<\/title>\n<meta name=\"robots\" content=\"index, follow, max-snippet:-1, max-image-preview:large, max-video-preview:-1\" \/>\n<link rel=\"canonical\" href=\"https:\/\/rentboatscostabrava.com\/fr\/politique-de-confidentialite\/\" \/>\n<meta property=\"og:locale\" content=\"fr_FR\" \/>\n<meta property=\"og:type\" content=\"article\" \/>\n<meta property=\"og:title\" content=\"Politique de confidentialit\u00e9 - Rent Boats Costa Brava\" \/>\n<meta property=\"og:description\" content=\"Politique de confidentialit\u00e9 Chez Rent Boats Costa Brava, propri\u00e9t\u00e9 d&rsquo;Iv\u00e1n L\u00f3pez Monteagudo, nous nous engageons \u00e0 prot\u00e9ger la vie priv\u00e9e...\" \/>\n<meta property=\"og:url\" content=\"https:\/\/rentboatscostabrava.com\/fr\/politique-de-confidentialite\/\" \/>\n<meta property=\"og:site_name\" content=\"Rent Boats Costa Brava\" \/>\n<meta property=\"article:modified_time\" content=\"2025-07-10T14:11:00+00:00\" \/>\n<meta name=\"twitter:card\" content=\"summary_large_image\" \/>\n<meta name=\"twitter:label1\" content=\"Dur\u00e9e de lecture estim\u00e9e\" \/>\n\t<meta name=\"twitter:data1\" content=\"3 minutes\" \/>\n<script type=\"application\/ld+json\" class=\"yoast-schema-graph\">{\"@context\":\"https:\\\/\\\/schema.org\",\"@graph\":[{\"@type\":\"WebPage\",\"@id\":\"https:\\\/\\\/rentboatscostabrava.com\\\/fr\\\/politique-de-confidentialite\\\/\",\"url\":\"https:\\\/\\\/rentboatscostabrava.com\\\/fr\\\/politique-de-confidentialite\\\/\",\"name\":\"Politique de confidentialit\u00e9 - Rent Boats Costa Brava\",\"isPartOf\":{\"@id\":\"https:\\\/\\\/rentboatscostabrava.com\\\/fr\\\/#website\"},\"datePublished\":\"2025-07-10T11:29:39+00:00\",\"dateModified\":\"2025-07-10T14:11:00+00:00\",\"breadcrumb\":{\"@id\":\"https:\\\/\\\/rentboatscostabrava.com\\\/fr\\\/politique-de-confidentialite\\\/#breadcrumb\"},\"inLanguage\":\"fr-FR\",\"potentialAction\":[{\"@type\":\"ReadAction\",\"target\":[\"https:\\\/\\\/rentboatscostabrava.com\\\/fr\\\/politique-de-confidentialite\\\/\"]}]},{\"@type\":\"BreadcrumbList\",\"@id\":\"https:\\\/\\\/rentboatscostabrava.com\\\/fr\\\/politique-de-confidentialite\\\/#breadcrumb\",\"itemListElement\":[{\"@type\":\"ListItem\",\"position\":1,\"name\":\"Portada\",\"item\":\"https:\\\/\\\/rentboatscostabrava.com\\\/fr\\\/\"},{\"@type\":\"ListItem\",\"position\":2,\"name\":\"Politique de confidentialit\u00e9\"}]},{\"@type\":\"WebSite\",\"@id\":\"https:\\\/\\\/rentboatscostabrava.com\\\/fr\\\/#website\",\"url\":\"https:\\\/\\\/rentboatscostabrava.com\\\/fr\\\/\",\"name\":\"Rent Boats Costa Brava\",\"description\":\"\",\"publisher\":{\"@id\":\"https:\\\/\\\/rentboatscostabrava.com\\\/fr\\\/#organization\"},\"potentialAction\":[{\"@type\":\"SearchAction\",\"target\":{\"@type\":\"EntryPoint\",\"urlTemplate\":\"https:\\\/\\\/rentboatscostabrava.com\\\/fr\\\/?s={search_term_string}\"},\"query-input\":{\"@type\":\"PropertyValueSpecification\",\"valueRequired\":true,\"valueName\":\"search_term_string\"}}],\"inLanguage\":\"fr-FR\"},{\"@type\":\"Organization\",\"@id\":\"https:\\\/\\\/rentboatscostabrava.com\\\/fr\\\/#organization\",\"name\":\"Rent Boats Costa Brava\",\"url\":\"https:\\\/\\\/rentboatscostabrava.com\\\/fr\\\/\",\"logo\":{\"@type\":\"ImageObject\",\"inLanguage\":\"fr-FR\",\"@id\":\"https:\\\/\\\/rentboatscostabrava.com\\\/fr\\\/#\\\/schema\\\/logo\\\/image\\\/\",\"url\":\"https:\\\/\\\/rentboatscostabrava.com\\\/wp-content\\\/uploads\\\/2025\\\/03\\\/logo-rent-a-boat-palamos.png\",\"contentUrl\":\"https:\\\/\\\/rentboatscostabrava.com\\\/wp-content\\\/uploads\\\/2025\\\/03\\\/logo-rent-a-boat-palamos.png\",\"width\":399,\"height\":251,\"caption\":\"Rent Boats Costa Brava\"},\"image\":{\"@id\":\"https:\\\/\\\/rentboatscostabrava.com\\\/fr\\\/#\\\/schema\\\/logo\\\/image\\\/\"},\"sameAs\":[\"https:\\\/\\\/www.instagram.com\\\/rentboats_costabrava\\\/\"]}]}<\/script>\n<!-- \/ Yoast SEO plugin. -->","yoast_head_json":{"title":"Politique de confidentialit\u00e9 - Rent Boats Costa Brava","robots":{"index":"index","follow":"follow","max-snippet":"max-snippet:-1","max-image-preview":"max-image-preview:large","max-video-preview":"max-video-preview:-1"},"canonical":"https:\/\/rentboatscostabrava.com\/fr\/politique-de-confidentialite\/","og_locale":"fr_FR","og_type":"article","og_title":"Politique de confidentialit\u00e9 - Rent Boats Costa Brava","og_description":"Politique de confidentialit\u00e9 Chez Rent Boats Costa Brava, propri\u00e9t\u00e9 d&rsquo;Iv\u00e1n L\u00f3pez Monteagudo, nous nous engageons \u00e0 prot\u00e9ger la vie priv\u00e9e...","og_url":"https:\/\/rentboatscostabrava.com\/fr\/politique-de-confidentialite\/","og_site_name":"Rent Boats Costa Brava","article_modified_time":"2025-07-10T14:11:00+00:00","twitter_card":"summary_large_image","twitter_misc":{"Dur\u00e9e de lecture estim\u00e9e":"3 minutes"},"schema":{"@context":"https:\/\/schema.org","@graph":[{"@type":"WebPage","@id":"https:\/\/rentboatscostabrava.com\/fr\/politique-de-confidentialite\/","url":"https:\/\/rentboatscostabrava.com\/fr\/politique-de-confidentialite\/","name":"Politique de confidentialit\u00e9 - Rent Boats Costa Brava","isPartOf":{"@id":"https:\/\/rentboatscostabrava.com\/fr\/#website"},"datePublished":"2025-07-10T11:29:39+00:00","dateModified":"2025-07-10T14:11:00+00:00","breadcrumb":{"@id":"https:\/\/rentboatscostabrava.com\/fr\/politique-de-confidentialite\/#breadcrumb"},"inLanguage":"fr-FR","potentialAction":[{"@type":"ReadAction","target":["https:\/\/rentboatscostabrava.com\/fr\/politique-de-confidentialite\/"]}]},{"@type":"BreadcrumbList","@id":"https:\/\/rentboatscostabrava.com\/fr\/politique-de-confidentialite\/#breadcrumb","itemListElement":[{"@type":"ListItem","position":1,"name":"Portada","item":"https:\/\/rentboatscostabrava.com\/fr\/"},{"@type":"ListItem","position":2,"name":"Politique de confidentialit\u00e9"}]},{"@type":"WebSite","@id":"https:\/\/rentboatscostabrava.com\/fr\/#website","url":"https:\/\/rentboatscostabrava.com\/fr\/","name":"Rent Boats Costa Brava","description":"","publisher":{"@id":"https:\/\/rentboatscostabrava.com\/fr\/#organization"},"potentialAction":[{"@type":"SearchAction","target":{"@type":"EntryPoint","urlTemplate":"https:\/\/rentboatscostabrava.com\/fr\/?s={search_term_string}"},"query-input":{"@type":"PropertyValueSpecification","valueRequired":true,"valueName":"search_term_string"}}],"inLanguage":"fr-FR"},{"@type":"Organization","@id":"https:\/\/rentboatscostabrava.com\/fr\/#organization","name":"Rent Boats Costa Brava","url":"https:\/\/rentboatscostabrava.com\/fr\/","logo":{"@type":"ImageObject","inLanguage":"fr-FR","@id":"https:\/\/rentboatscostabrava.com\/fr\/#\/schema\/logo\/image\/","url":"https:\/\/rentboatscostabrava.com\/wp-content\/uploads\/2025\/03\/logo-rent-a-boat-palamos.png","contentUrl":"https:\/\/rentboatscostabrava.com\/wp-content\/uploads\/2025\/03\/logo-rent-a-boat-palamos.png","width":399,"height":251,"caption":"Rent Boats Costa Brava"},"image":{"@id":"https:\/\/rentboatscostabrava.com\/fr\/#\/schema\/logo\/image\/"},"sameAs":["https:\/\/www.instagram.com\/rentboats_costabrava\/"]}]}},"_links":{"self":[{"href":"https:\/\/rentboatscostabrava.com\/fr\/wp-json\/wp\/v2\/pages\/12890","targetHints":{"allow":["GET"]}}],"collection":[{"href":"https:\/\/rentboatscostabrava.com\/fr\/wp-json\/wp\/v2\/pages"}],"about":[{"href":"https:\/\/rentboatscostabrava.com\/fr\/wp-json\/wp\/v2\/types\/page"}],"author":[{"embeddable":true,"href":"https:\/\/rentboatscostabrava.com\/fr\/wp-json\/wp\/v2\/users\/1"}],"replies":[{"embeddable":true,"href":"https:\/\/rentboatscostabrava.com\/fr\/wp-json\/wp\/v2\/comments?post=12890"}],"version-history":[{"count":1,"href":"https:\/\/rentboatscostabrava.com\/fr\/wp-json\/wp\/v2\/pages\/12890\/revisions"}],"predecessor-version":[{"id":12891,"href":"https:\/\/rentboatscostabrava.com\/fr\/wp-json\/wp\/v2\/pages\/12890\/revisions\/12891"}],"wp:attachment":[{"href":"https:\/\/rentboatscostabrava.com\/fr\/wp-json\/wp\/v2\/media?parent=12890"}],"curies":[{"name":"wp","href":"https:\/\/api.w.org\/{rel}","templated":true}]}}