{"id":12896,"date":"2025-07-10T11:42:01","date_gmt":"2025-07-10T11:42:01","guid":{"rendered":"https:\/\/rentboatscostabrava.com\/politique-en-matiere-de-cookies\/"},"modified":"2025-07-10T14:11:14","modified_gmt":"2025-07-10T14:11:14","slug":"politique-en-matiere-de-cookies","status":"publish","type":"page","link":"https:\/\/rentboatscostabrava.com\/fr\/politique-en-matiere-de-cookies\/","title":{"rendered":"Politique en mati\u00e8re de cookies"},"content":{"rendered":"\n<h3 class=\"wp-block-heading\"><strong>Politique en mati\u00e8re de cookies<\/strong><\/h3>\n\n<p>Chez <strong>Rent Boats Costa Brava<\/strong>, nous utilisons nos propres cookies et ceux de tiers pour am\u00e9liorer l&rsquo;exp\u00e9rience de navigation de l&rsquo;utilisateur, offrir un contenu personnalis\u00e9 et analyser le trafic du site. En continuant \u00e0 naviguer sur le site, vous acceptez leur utilisation. <\/p>\n\n<hr class=\"wp-block-separator has-alpha-channel-opacity\"\/>\n\n<h4 class=\"wp-block-heading\"><strong>1) Qu&rsquo;est-ce qu&rsquo;un cookie ?<\/strong><\/h4>\n\n<p>Les cookies sont de petits fichiers texte qui sont stock\u00e9s dans votre navigateur lorsque vous visitez un site web. Ils sont utilis\u00e9s pour m\u00e9moriser vos pr\u00e9f\u00e9rences et am\u00e9liorer votre exp\u00e9rience de navigation lors de vos prochaines visites. <\/p>\n\n<hr class=\"wp-block-separator has-alpha-channel-opacity\"\/>\n\n<h4 class=\"wp-block-heading\"><strong>2. les types de cookies utilis\u00e9s<\/strong><\/h4>\n\n<p>Ce site web peut utiliser les cat\u00e9gories de cookies suivantes :<\/p>\n\n<ul class=\"wp-block-list\">\n<li><strong>Cookies techniques<\/strong>: n\u00e9cessaires au fonctionnement de base du site web, tels que la navigation ou l&rsquo;acc\u00e8s \u00e0 des zones s\u00e9curis\u00e9es.<\/li>\n\n\n\n<li><strong>Cookies de personnalisation<\/strong>: ils permettent de m\u00e9moriser vos pr\u00e9f\u00e9rences (langue, r\u00e9gion, etc.).<\/li>\n\n\n\n<li><strong>Cookies d&rsquo;analyse<\/strong>: ils nous permettent de quantifier le nombre d&rsquo;utilisateurs et d&rsquo;effectuer des mesures statistiques afin d&rsquo;am\u00e9liorer nos services.<\/li>\n\n\n\n<li><strong>Cookies publicitaires<\/strong>: ils permettent une gestion efficace des espaces publicitaires qui peuvent \u00eatre inclus.<\/li>\n\n\n\n<li><strong>Cookies de m\u00e9dias sociaux<\/strong>: ils vous permettent d&rsquo;interagir avec du contenu sur des plateformes telles que Facebook, Instagram ou WhatsApp.<\/li>\n<\/ul>\n\n<hr class=\"wp-block-separator has-alpha-channel-opacity\"\/>\n\n<h4 class=\"wp-block-heading\"><strong>3. Cookies utilis\u00e9s sur ce site<\/strong><\/h4>\n\n<p>Plus pr\u00e9cis\u00e9ment, ce site Internet utilise :<\/p>\n\n<ul class=\"wp-block-list\">\n<li><strong>Google Analytics<\/strong> (cookies d&rsquo;analyse) : pour obtenir des statistiques d&rsquo;utilisation anonymes et am\u00e9liorer l&rsquo;exp\u00e9rience des utilisateurs.<\/li>\n\n\n\n<li><strong>Cookies de session<\/strong>: pour faciliter la navigation et le fonctionnement technique du site web.<\/li>\n\n\n\n<li><strong>Cookies WhatsApp et m\u00e9dias sociaux<\/strong>: pour permettre un contact direct et faciliter le partage de contenu.<\/li>\n<\/ul>\n\n<hr class=\"wp-block-separator has-alpha-channel-opacity\"\/>\n\n<h4 class=\"wp-block-heading\"><strong>4. comment d\u00e9sactiver ou supprimer les cookies ?<\/strong><\/h4>\n\n<p>Vous pouvez autoriser, bloquer ou supprimer les cookies install\u00e9s sur votre appareil en configurant les param\u00e8tres de votre navigateur. Nous vous indiquons ci-dessous comment proc\u00e9der avec les navigateurs les plus courants : <\/p>\n\n<ul class=\"wp-block-list\">\n<li><strong>Google Chrome<\/strong>: <a>Prise en charge de Chrome<\/a><\/li>\n\n\n\n<li><strong>Mozilla Firefox<\/strong>: <a class=\"\" href=\"https:\/\/support.mozilla.org\/es\/kb\/habilitar-y-deshabilitar-cookies-sitios-web\">Soutien \u00e0 Firefox<\/a><\/li>\n\n\n\n<li><strong>Safari<\/strong>: <a class=\"\" href=\"https:\/\/support.apple.com\/es-es\/HT201265\">Soutien \u00e0 Safari<\/a><\/li>\n\n\n\n<li><strong>Microsoft Edge<\/strong>: <a class=\"\" href=\"https:\/\/support.microsoft.com\/es-es\/help\/17442\/windows-internet-explorer-delete-manage-cookies\">Prise en charge de Edge<\/a><\/li>\n<\/ul>\n\n<p>Veuillez noter que si vous d\u00e9sactivez certains cookies, il se peut que vous ne puissiez pas utiliser correctement certaines parties du site web.<\/p>\n\n<hr class=\"wp-block-separator has-alpha-channel-opacity\"\/>\n\n<h4 class=\"wp-block-heading\"><strong>5. Modifications de la politique en mati\u00e8re de cookies<\/strong><\/h4>\n\n<p>Cette politique peut \u00eatre mise \u00e0 jour en r\u00e9ponse \u00e0 des changements r\u00e9glementaires ou techniques. Nous vous encourageons \u00e0 la consulter r\u00e9guli\u00e8rement. <\/p>\n","protected":false},"excerpt":{"rendered":"Politique en mati\u00e8re de cookies Chez Rent Boats Costa Brava, nous utilisons nos propres cookies et ceux de tiers pour&#8230;","protected":false},"author":1,"featured_media":0,"parent":0,"menu_order":0,"comment_status":"closed","ping_status":"closed","template":"","meta":{"_acf_changed":false,"footnotes":""},"class_list":["post-12896","page","type-page","status-publish"],"acf":[],"yoast_head":"<!-- This site is optimized with the Yoast SEO plugin v27.5 - https:\/\/yoast.com\/product\/yoast-seo-wordpress\/ -->\n<title>Politique en mati\u00e8re de cookies - Rent Boats Costa Brava<\/title>\n<meta name=\"robots\" content=\"index, follow, max-snippet:-1, max-image-preview:large, max-video-preview:-1\" \/>\n<link rel=\"canonical\" href=\"https:\/\/rentboatscostabrava.com\/fr\/politique-en-matiere-de-cookies\/\" \/>\n<meta property=\"og:locale\" content=\"fr_FR\" \/>\n<meta property=\"og:type\" content=\"article\" \/>\n<meta property=\"og:title\" content=\"Politique en mati\u00e8re de cookies - Rent Boats Costa Brava\" \/>\n<meta property=\"og:description\" content=\"Politique en mati\u00e8re de cookies Chez Rent Boats Costa Brava, nous utilisons nos propres cookies et ceux de tiers pour...\" \/>\n<meta property=\"og:url\" content=\"https:\/\/rentboatscostabrava.com\/fr\/politique-en-matiere-de-cookies\/\" \/>\n<meta property=\"og:site_name\" content=\"Rent Boats Costa Brava\" \/>\n<meta property=\"article:modified_time\" content=\"2025-07-10T14:11:14+00:00\" \/>\n<meta name=\"twitter:card\" content=\"summary_large_image\" \/>\n<meta name=\"twitter:label1\" content=\"Dur\u00e9e de lecture estim\u00e9e\" \/>\n\t<meta name=\"twitter:data1\" content=\"2 minutes\" \/>\n<script type=\"application\/ld+json\" class=\"yoast-schema-graph\">{\"@context\":\"https:\\\/\\\/schema.org\",\"@graph\":[{\"@type\":\"WebPage\",\"@id\":\"https:\\\/\\\/rentboatscostabrava.com\\\/fr\\\/politique-en-matiere-de-cookies\\\/\",\"url\":\"https:\\\/\\\/rentboatscostabrava.com\\\/fr\\\/politique-en-matiere-de-cookies\\\/\",\"name\":\"Politique en mati\u00e8re de cookies - Rent Boats Costa Brava\",\"isPartOf\":{\"@id\":\"https:\\\/\\\/rentboatscostabrava.com\\\/fr\\\/#website\"},\"datePublished\":\"2025-07-10T11:42:01+00:00\",\"dateModified\":\"2025-07-10T14:11:14+00:00\",\"breadcrumb\":{\"@id\":\"https:\\\/\\\/rentboatscostabrava.com\\\/fr\\\/politique-en-matiere-de-cookies\\\/#breadcrumb\"},\"inLanguage\":\"fr-FR\",\"potentialAction\":[{\"@type\":\"ReadAction\",\"target\":[\"https:\\\/\\\/rentboatscostabrava.com\\\/fr\\\/politique-en-matiere-de-cookies\\\/\"]}]},{\"@type\":\"BreadcrumbList\",\"@id\":\"https:\\\/\\\/rentboatscostabrava.com\\\/fr\\\/politique-en-matiere-de-cookies\\\/#breadcrumb\",\"itemListElement\":[{\"@type\":\"ListItem\",\"position\":1,\"name\":\"Portada\",\"item\":\"https:\\\/\\\/rentboatscostabrava.com\\\/fr\\\/\"},{\"@type\":\"ListItem\",\"position\":2,\"name\":\"Politique en mati\u00e8re de cookies\"}]},{\"@type\":\"WebSite\",\"@id\":\"https:\\\/\\\/rentboatscostabrava.com\\\/fr\\\/#website\",\"url\":\"https:\\\/\\\/rentboatscostabrava.com\\\/fr\\\/\",\"name\":\"Rent Boats Costa Brava\",\"description\":\"\",\"publisher\":{\"@id\":\"https:\\\/\\\/rentboatscostabrava.com\\\/fr\\\/#organization\"},\"potentialAction\":[{\"@type\":\"SearchAction\",\"target\":{\"@type\":\"EntryPoint\",\"urlTemplate\":\"https:\\\/\\\/rentboatscostabrava.com\\\/fr\\\/?s={search_term_string}\"},\"query-input\":{\"@type\":\"PropertyValueSpecification\",\"valueRequired\":true,\"valueName\":\"search_term_string\"}}],\"inLanguage\":\"fr-FR\"},{\"@type\":\"Organization\",\"@id\":\"https:\\\/\\\/rentboatscostabrava.com\\\/fr\\\/#organization\",\"name\":\"Rent Boats Costa Brava\",\"url\":\"https:\\\/\\\/rentboatscostabrava.com\\\/fr\\\/\",\"logo\":{\"@type\":\"ImageObject\",\"inLanguage\":\"fr-FR\",\"@id\":\"https:\\\/\\\/rentboatscostabrava.com\\\/fr\\\/#\\\/schema\\\/logo\\\/image\\\/\",\"url\":\"https:\\\/\\\/rentboatscostabrava.com\\\/wp-content\\\/uploads\\\/2025\\\/03\\\/logo-rent-a-boat-palamos.png\",\"contentUrl\":\"https:\\\/\\\/rentboatscostabrava.com\\\/wp-content\\\/uploads\\\/2025\\\/03\\\/logo-rent-a-boat-palamos.png\",\"width\":399,\"height\":251,\"caption\":\"Rent Boats Costa Brava\"},\"image\":{\"@id\":\"https:\\\/\\\/rentboatscostabrava.com\\\/fr\\\/#\\\/schema\\\/logo\\\/image\\\/\"},\"sameAs\":[\"https:\\\/\\\/www.instagram.com\\\/rentboats_costabrava\\\/\"]}]}<\/script>\n<!-- \/ Yoast SEO plugin. -->","yoast_head_json":{"title":"Politique en mati\u00e8re de cookies - Rent Boats Costa Brava","robots":{"index":"index","follow":"follow","max-snippet":"max-snippet:-1","max-image-preview":"max-image-preview:large","max-video-preview":"max-video-preview:-1"},"canonical":"https:\/\/rentboatscostabrava.com\/fr\/politique-en-matiere-de-cookies\/","og_locale":"fr_FR","og_type":"article","og_title":"Politique en mati\u00e8re de cookies - Rent Boats Costa Brava","og_description":"Politique en mati\u00e8re de cookies Chez Rent Boats Costa Brava, nous utilisons nos propres cookies et ceux de tiers pour...","og_url":"https:\/\/rentboatscostabrava.com\/fr\/politique-en-matiere-de-cookies\/","og_site_name":"Rent Boats Costa Brava","article_modified_time":"2025-07-10T14:11:14+00:00","twitter_card":"summary_large_image","twitter_misc":{"Dur\u00e9e de lecture estim\u00e9e":"2 minutes"},"schema":{"@context":"https:\/\/schema.org","@graph":[{"@type":"WebPage","@id":"https:\/\/rentboatscostabrava.com\/fr\/politique-en-matiere-de-cookies\/","url":"https:\/\/rentboatscostabrava.com\/fr\/politique-en-matiere-de-cookies\/","name":"Politique en mati\u00e8re de cookies - Rent Boats Costa Brava","isPartOf":{"@id":"https:\/\/rentboatscostabrava.com\/fr\/#website"},"datePublished":"2025-07-10T11:42:01+00:00","dateModified":"2025-07-10T14:11:14+00:00","breadcrumb":{"@id":"https:\/\/rentboatscostabrava.com\/fr\/politique-en-matiere-de-cookies\/#breadcrumb"},"inLanguage":"fr-FR","potentialAction":[{"@type":"ReadAction","target":["https:\/\/rentboatscostabrava.com\/fr\/politique-en-matiere-de-cookies\/"]}]},{"@type":"BreadcrumbList","@id":"https:\/\/rentboatscostabrava.com\/fr\/politique-en-matiere-de-cookies\/#breadcrumb","itemListElement":[{"@type":"ListItem","position":1,"name":"Portada","item":"https:\/\/rentboatscostabrava.com\/fr\/"},{"@type":"ListItem","position":2,"name":"Politique en mati\u00e8re de cookies"}]},{"@type":"WebSite","@id":"https:\/\/rentboatscostabrava.com\/fr\/#website","url":"https:\/\/rentboatscostabrava.com\/fr\/","name":"Rent Boats Costa Brava","description":"","publisher":{"@id":"https:\/\/rentboatscostabrava.com\/fr\/#organization"},"potentialAction":[{"@type":"SearchAction","target":{"@type":"EntryPoint","urlTemplate":"https:\/\/rentboatscostabrava.com\/fr\/?s={search_term_string}"},"query-input":{"@type":"PropertyValueSpecification","valueRequired":true,"valueName":"search_term_string"}}],"inLanguage":"fr-FR"},{"@type":"Organization","@id":"https:\/\/rentboatscostabrava.com\/fr\/#organization","name":"Rent Boats Costa Brava","url":"https:\/\/rentboatscostabrava.com\/fr\/","logo":{"@type":"ImageObject","inLanguage":"fr-FR","@id":"https:\/\/rentboatscostabrava.com\/fr\/#\/schema\/logo\/image\/","url":"https:\/\/rentboatscostabrava.com\/wp-content\/uploads\/2025\/03\/logo-rent-a-boat-palamos.png","contentUrl":"https:\/\/rentboatscostabrava.com\/wp-content\/uploads\/2025\/03\/logo-rent-a-boat-palamos.png","width":399,"height":251,"caption":"Rent Boats Costa Brava"},"image":{"@id":"https:\/\/rentboatscostabrava.com\/fr\/#\/schema\/logo\/image\/"},"sameAs":["https:\/\/www.instagram.com\/rentboats_costabrava\/"]}]}},"_links":{"self":[{"href":"https:\/\/rentboatscostabrava.com\/fr\/wp-json\/wp\/v2\/pages\/12896","targetHints":{"allow":["GET"]}}],"collection":[{"href":"https:\/\/rentboatscostabrava.com\/fr\/wp-json\/wp\/v2\/pages"}],"about":[{"href":"https:\/\/rentboatscostabrava.com\/fr\/wp-json\/wp\/v2\/types\/page"}],"author":[{"embeddable":true,"href":"https:\/\/rentboatscostabrava.com\/fr\/wp-json\/wp\/v2\/users\/1"}],"replies":[{"embeddable":true,"href":"https:\/\/rentboatscostabrava.com\/fr\/wp-json\/wp\/v2\/comments?post=12896"}],"version-history":[{"count":1,"href":"https:\/\/rentboatscostabrava.com\/fr\/wp-json\/wp\/v2\/pages\/12896\/revisions"}],"predecessor-version":[{"id":12897,"href":"https:\/\/rentboatscostabrava.com\/fr\/wp-json\/wp\/v2\/pages\/12896\/revisions\/12897"}],"wp:attachment":[{"href":"https:\/\/rentboatscostabrava.com\/fr\/wp-json\/wp\/v2\/media?parent=12896"}],"curies":[{"name":"wp","href":"https:\/\/api.w.org\/{rel}","templated":true}]}}