{"id":12900,"date":"2025-07-10T11:35:02","date_gmt":"2025-07-10T11:35:02","guid":{"rendered":"https:\/\/rentboatscostabrava.com\/avis-juridique\/"},"modified":"2025-07-10T14:11:07","modified_gmt":"2025-07-10T14:11:07","slug":"avis-juridique","status":"publish","type":"page","link":"https:\/\/rentboatscostabrava.com\/fr\/avis-juridique\/","title":{"rendered":"Avis juridique"},"content":{"rendered":"\n<h3 class=\"wp-block-heading\"><strong>Avis juridique<\/strong><\/h3>\n\n<p>Conform\u00e9ment au devoir d&rsquo;information \u00e9tabli par la loi 34\/2002, du 11 juillet, sur les services de la soci\u00e9t\u00e9 de l&rsquo;information et le commerce \u00e9lectronique (LSSI-CE), les utilisateurs sont inform\u00e9s des donn\u00e9es l\u00e9gales suivantes :<\/p>\n\n<hr class=\"wp-block-separator has-alpha-channel-opacity\"\/>\n\n<h4 class=\"wp-block-heading\"><strong>1. les coordonn\u00e9es de la personne responsable<\/strong><\/h4>\n\n<ul class=\"wp-block-list\">\n<li><strong>Nom de l&rsquo;entreprise<\/strong>: Rent Boats Costa Brava<\/li>\n\n\n\n<li><strong>Membre<\/strong>: Iv\u00e1n L\u00f3pez Monteagudo<\/li>\n\n\n\n<li><strong>DNI<\/strong>: 44988459E<\/li>\n\n\n\n<li><strong>Adresse<\/strong>: Av. Cantabria, 27, 17251 &#8211; Calonge i Sant Antoni, Girona <\/li>\n\n\n\n<li><strong>Courriel de contact<\/strong>: <a>info@rentboatscostabrava.com<\/a><\/li>\n<\/ul>\n\n<hr class=\"wp-block-separator has-alpha-channel-opacity\"\/>\n\n<h4 class=\"wp-block-heading\"><strong>2. l&rsquo;objectif du site web<\/strong><\/h4>\n\n<p>L&rsquo;objectif de ce site est de fournir des informations sur les services de location de bateaux avec ou sans permis sur la Costa Brava, de faciliter la r\u00e9servation en ligne et de fournir un contenu informatif par le biais de son blog \u00ab\u00a0Gu\u00eda N\u00e1utica\u00a0\u00bb.<\/p>\n\n<hr class=\"wp-block-separator has-alpha-channel-opacity\"\/>\n\n<h4 class=\"wp-block-heading\"><strong>3. Propri\u00e9t\u00e9 intellectuelle et industrielle<\/strong><\/h4>\n\n<p>Tous les contenus du site Web (textes, images, vid\u00e9os, logos, conception graphique, code source, etc.) sont la propri\u00e9t\u00e9 de Rent Boats Costa Brava ou sont utilis\u00e9s sous licence, et sont prot\u00e9g\u00e9s par la l\u00e9gislation nationale et internationale en mati\u00e8re de propri\u00e9t\u00e9 intellectuelle et industrielle.<\/p>\n\n<p>Toute reproduction totale ou partielle est interdite sans l&rsquo;autorisation expresse du propri\u00e9taire.<\/p>\n\n<hr class=\"wp-block-separator has-alpha-channel-opacity\"\/>\n\n<h4 class=\"wp-block-heading\"><strong>4. Responsabilit\u00e9 de l&rsquo;utilisateur<\/strong><\/h4>\n\n<p>L&rsquo;utilisateur s&rsquo;engage \u00e0 faire un usage appropri\u00e9 du site web et de son contenu, conform\u00e9ment \u00e0 la l\u00e9gislation en vigueur et au pr\u00e9sent avis juridique. Il est interdit : <\/p>\n\n<ul class=\"wp-block-list\">\n<li>Utiliser le site \u00e0 des fins ill\u00e9gales ou nuisibles<\/li>\n\n\n\n<li>Usurpation d&rsquo;identit\u00e9 de tiers<\/li>\n\n\n\n<li>Introduire des virus ou tout syst\u00e8me qui affecte le fonctionnement du site web.<\/li>\n<\/ul>\n\n<p>Rent Boats Costa Brava n&rsquo;est pas responsable de la mauvaise utilisation du site web par l&rsquo;utilisateur.<\/p>\n\n<hr class=\"wp-block-separator has-alpha-channel-opacity\"\/>\n\n<h4 class=\"wp-block-heading\"><strong>5. Liens externes<\/strong><\/h4>\n\n<p>Le site peut contenir des liens vers des sites tiers. Rent Boats Costa Brava n&rsquo;est pas responsable du contenu, des politiques ou des pratiques de confidentialit\u00e9 de ces sites externes. <\/p>\n\n<hr class=\"wp-block-separator has-alpha-channel-opacity\"\/>\n\n<h4 class=\"wp-block-heading\"><strong>6. Limitation de la responsabilit\u00e9<\/strong><\/h4>\n\n<p>Rent Boats Costa Brava ne garantit pas que le site Web est exempt d&rsquo;erreurs, d&rsquo;interruptions ou de virus. Elle d\u00e9cline toute responsabilit\u00e9 pour les dommages r\u00e9sultant de l&rsquo;acc\u00e8s au site ou de son utilisation. <\/p>\n\n<hr class=\"wp-block-separator has-alpha-channel-opacity\"\/>\n\n<h4 class=\"wp-block-heading\"><strong>7. Modifications<\/strong><\/h4>\n\n<p>Rent Boats Costa Brava se r\u00e9serve le droit de modifier, de mettre \u00e0 jour ou de supprimer tout contenu du site Web sans pr\u00e9avis, ainsi que de modifier cet avis juridique \u00e0 tout moment. Les modifications seront effectives d\u00e8s leur publication. <\/p>\n\n<hr class=\"wp-block-separator has-alpha-channel-opacity\"\/>\n\n<h4 class=\"wp-block-heading\"><strong>8. Droit applicable et juridiction<\/strong><\/h4>\n\n<p>La relation entre l&rsquo;utilisateur et Rent Boats Costa Brava est r\u00e9gie par la r\u00e9glementation en vigueur en Espagne. En cas de conflit, les deux parties se soumettront aux cours et tribunaux de G\u00e9rone, sauf indication contraire dans la r\u00e9glementation. <\/p>\n","protected":false},"excerpt":{"rendered":"Avis juridique Conform\u00e9ment au devoir d&rsquo;information \u00e9tabli par la loi 34\/2002, du 11 juillet, sur les services de la soci\u00e9t\u00e9&#8230;","protected":false},"author":1,"featured_media":0,"parent":0,"menu_order":0,"comment_status":"closed","ping_status":"closed","template":"","meta":{"_acf_changed":false,"footnotes":""},"class_list":["post-12900","page","type-page","status-publish"],"acf":[],"yoast_head":"<!-- This site is optimized with the Yoast SEO plugin v27.5 - https:\/\/yoast.com\/product\/yoast-seo-wordpress\/ -->\n<title>Avis juridique - Rent Boats Costa Brava<\/title>\n<meta name=\"robots\" content=\"index, follow, max-snippet:-1, max-image-preview:large, max-video-preview:-1\" \/>\n<link rel=\"canonical\" href=\"https:\/\/rentboatscostabrava.com\/fr\/avis-juridique\/\" \/>\n<meta property=\"og:locale\" content=\"fr_FR\" \/>\n<meta property=\"og:type\" content=\"article\" \/>\n<meta property=\"og:title\" content=\"Avis juridique - Rent Boats Costa Brava\" \/>\n<meta property=\"og:description\" content=\"Avis juridique Conform\u00e9ment au devoir d&rsquo;information \u00e9tabli par la loi 34\/2002, du 11 juillet, sur les services de la soci\u00e9t\u00e9...\" \/>\n<meta property=\"og:url\" content=\"https:\/\/rentboatscostabrava.com\/fr\/avis-juridique\/\" \/>\n<meta property=\"og:site_name\" content=\"Rent Boats Costa Brava\" \/>\n<meta property=\"article:modified_time\" content=\"2025-07-10T14:11:07+00:00\" \/>\n<meta name=\"twitter:card\" content=\"summary_large_image\" \/>\n<meta name=\"twitter:label1\" content=\"Dur\u00e9e de lecture estim\u00e9e\" \/>\n\t<meta name=\"twitter:data1\" content=\"2 minutes\" \/>\n<script type=\"application\/ld+json\" class=\"yoast-schema-graph\">{\"@context\":\"https:\\\/\\\/schema.org\",\"@graph\":[{\"@type\":\"WebPage\",\"@id\":\"https:\\\/\\\/rentboatscostabrava.com\\\/fr\\\/avis-juridique\\\/\",\"url\":\"https:\\\/\\\/rentboatscostabrava.com\\\/fr\\\/avis-juridique\\\/\",\"name\":\"Avis juridique - Rent Boats Costa Brava\",\"isPartOf\":{\"@id\":\"https:\\\/\\\/rentboatscostabrava.com\\\/fr\\\/#website\"},\"datePublished\":\"2025-07-10T11:35:02+00:00\",\"dateModified\":\"2025-07-10T14:11:07+00:00\",\"breadcrumb\":{\"@id\":\"https:\\\/\\\/rentboatscostabrava.com\\\/fr\\\/avis-juridique\\\/#breadcrumb\"},\"inLanguage\":\"fr-FR\",\"potentialAction\":[{\"@type\":\"ReadAction\",\"target\":[\"https:\\\/\\\/rentboatscostabrava.com\\\/fr\\\/avis-juridique\\\/\"]}]},{\"@type\":\"BreadcrumbList\",\"@id\":\"https:\\\/\\\/rentboatscostabrava.com\\\/fr\\\/avis-juridique\\\/#breadcrumb\",\"itemListElement\":[{\"@type\":\"ListItem\",\"position\":1,\"name\":\"Portada\",\"item\":\"https:\\\/\\\/rentboatscostabrava.com\\\/fr\\\/\"},{\"@type\":\"ListItem\",\"position\":2,\"name\":\"Avis juridique\"}]},{\"@type\":\"WebSite\",\"@id\":\"https:\\\/\\\/rentboatscostabrava.com\\\/fr\\\/#website\",\"url\":\"https:\\\/\\\/rentboatscostabrava.com\\\/fr\\\/\",\"name\":\"Rent Boats Costa Brava\",\"description\":\"\",\"publisher\":{\"@id\":\"https:\\\/\\\/rentboatscostabrava.com\\\/fr\\\/#organization\"},\"potentialAction\":[{\"@type\":\"SearchAction\",\"target\":{\"@type\":\"EntryPoint\",\"urlTemplate\":\"https:\\\/\\\/rentboatscostabrava.com\\\/fr\\\/?s={search_term_string}\"},\"query-input\":{\"@type\":\"PropertyValueSpecification\",\"valueRequired\":true,\"valueName\":\"search_term_string\"}}],\"inLanguage\":\"fr-FR\"},{\"@type\":\"Organization\",\"@id\":\"https:\\\/\\\/rentboatscostabrava.com\\\/fr\\\/#organization\",\"name\":\"Rent Boats Costa Brava\",\"url\":\"https:\\\/\\\/rentboatscostabrava.com\\\/fr\\\/\",\"logo\":{\"@type\":\"ImageObject\",\"inLanguage\":\"fr-FR\",\"@id\":\"https:\\\/\\\/rentboatscostabrava.com\\\/fr\\\/#\\\/schema\\\/logo\\\/image\\\/\",\"url\":\"https:\\\/\\\/rentboatscostabrava.com\\\/wp-content\\\/uploads\\\/2025\\\/03\\\/logo-rent-a-boat-palamos.png\",\"contentUrl\":\"https:\\\/\\\/rentboatscostabrava.com\\\/wp-content\\\/uploads\\\/2025\\\/03\\\/logo-rent-a-boat-palamos.png\",\"width\":399,\"height\":251,\"caption\":\"Rent Boats Costa Brava\"},\"image\":{\"@id\":\"https:\\\/\\\/rentboatscostabrava.com\\\/fr\\\/#\\\/schema\\\/logo\\\/image\\\/\"},\"sameAs\":[\"https:\\\/\\\/www.instagram.com\\\/rentboats_costabrava\\\/\"]}]}<\/script>\n<!-- \/ Yoast SEO plugin. -->","yoast_head_json":{"title":"Avis juridique - Rent Boats Costa Brava","robots":{"index":"index","follow":"follow","max-snippet":"max-snippet:-1","max-image-preview":"max-image-preview:large","max-video-preview":"max-video-preview:-1"},"canonical":"https:\/\/rentboatscostabrava.com\/fr\/avis-juridique\/","og_locale":"fr_FR","og_type":"article","og_title":"Avis juridique - Rent Boats Costa Brava","og_description":"Avis juridique Conform\u00e9ment au devoir d&rsquo;information \u00e9tabli par la loi 34\/2002, du 11 juillet, sur les services de la soci\u00e9t\u00e9...","og_url":"https:\/\/rentboatscostabrava.com\/fr\/avis-juridique\/","og_site_name":"Rent Boats Costa Brava","article_modified_time":"2025-07-10T14:11:07+00:00","twitter_card":"summary_large_image","twitter_misc":{"Dur\u00e9e de lecture estim\u00e9e":"2 minutes"},"schema":{"@context":"https:\/\/schema.org","@graph":[{"@type":"WebPage","@id":"https:\/\/rentboatscostabrava.com\/fr\/avis-juridique\/","url":"https:\/\/rentboatscostabrava.com\/fr\/avis-juridique\/","name":"Avis juridique - Rent Boats Costa Brava","isPartOf":{"@id":"https:\/\/rentboatscostabrava.com\/fr\/#website"},"datePublished":"2025-07-10T11:35:02+00:00","dateModified":"2025-07-10T14:11:07+00:00","breadcrumb":{"@id":"https:\/\/rentboatscostabrava.com\/fr\/avis-juridique\/#breadcrumb"},"inLanguage":"fr-FR","potentialAction":[{"@type":"ReadAction","target":["https:\/\/rentboatscostabrava.com\/fr\/avis-juridique\/"]}]},{"@type":"BreadcrumbList","@id":"https:\/\/rentboatscostabrava.com\/fr\/avis-juridique\/#breadcrumb","itemListElement":[{"@type":"ListItem","position":1,"name":"Portada","item":"https:\/\/rentboatscostabrava.com\/fr\/"},{"@type":"ListItem","position":2,"name":"Avis juridique"}]},{"@type":"WebSite","@id":"https:\/\/rentboatscostabrava.com\/fr\/#website","url":"https:\/\/rentboatscostabrava.com\/fr\/","name":"Rent Boats Costa Brava","description":"","publisher":{"@id":"https:\/\/rentboatscostabrava.com\/fr\/#organization"},"potentialAction":[{"@type":"SearchAction","target":{"@type":"EntryPoint","urlTemplate":"https:\/\/rentboatscostabrava.com\/fr\/?s={search_term_string}"},"query-input":{"@type":"PropertyValueSpecification","valueRequired":true,"valueName":"search_term_string"}}],"inLanguage":"fr-FR"},{"@type":"Organization","@id":"https:\/\/rentboatscostabrava.com\/fr\/#organization","name":"Rent Boats Costa Brava","url":"https:\/\/rentboatscostabrava.com\/fr\/","logo":{"@type":"ImageObject","inLanguage":"fr-FR","@id":"https:\/\/rentboatscostabrava.com\/fr\/#\/schema\/logo\/image\/","url":"https:\/\/rentboatscostabrava.com\/wp-content\/uploads\/2025\/03\/logo-rent-a-boat-palamos.png","contentUrl":"https:\/\/rentboatscostabrava.com\/wp-content\/uploads\/2025\/03\/logo-rent-a-boat-palamos.png","width":399,"height":251,"caption":"Rent Boats Costa Brava"},"image":{"@id":"https:\/\/rentboatscostabrava.com\/fr\/#\/schema\/logo\/image\/"},"sameAs":["https:\/\/www.instagram.com\/rentboats_costabrava\/"]}]}},"_links":{"self":[{"href":"https:\/\/rentboatscostabrava.com\/fr\/wp-json\/wp\/v2\/pages\/12900","targetHints":{"allow":["GET"]}}],"collection":[{"href":"https:\/\/rentboatscostabrava.com\/fr\/wp-json\/wp\/v2\/pages"}],"about":[{"href":"https:\/\/rentboatscostabrava.com\/fr\/wp-json\/wp\/v2\/types\/page"}],"author":[{"embeddable":true,"href":"https:\/\/rentboatscostabrava.com\/fr\/wp-json\/wp\/v2\/users\/1"}],"replies":[{"embeddable":true,"href":"https:\/\/rentboatscostabrava.com\/fr\/wp-json\/wp\/v2\/comments?post=12900"}],"version-history":[{"count":1,"href":"https:\/\/rentboatscostabrava.com\/fr\/wp-json\/wp\/v2\/pages\/12900\/revisions"}],"predecessor-version":[{"id":12901,"href":"https:\/\/rentboatscostabrava.com\/fr\/wp-json\/wp\/v2\/pages\/12900\/revisions\/12901"}],"wp:attachment":[{"href":"https:\/\/rentboatscostabrava.com\/fr\/wp-json\/wp\/v2\/media?parent=12900"}],"curies":[{"name":"wp","href":"https:\/\/api.w.org\/{rel}","templated":true}]}}