{"id":8854,"date":"2023-08-26T11:37:58","date_gmt":"2023-08-26T11:37:58","guid":{"rendered":"https:\/\/dev.rentboatscostabrava.com\/itineraires-en-bateau-a-palamos\/"},"modified":"2025-06-17T13:22:52","modified_gmt":"2025-06-17T13:22:52","slug":"itineraires-en-bateau-a-palamos","status":"publish","type":"page","link":"https:\/\/rentboatscostabrava.com\/fr\/itineraires-en-bateau-a-palamos\/","title":{"rendered":"Itin\u00e9raires en bateau \u00e0 Palam\u00f3s"},"content":{"rendered":"\t\t<div data-elementor-type=\"wp-page\" data-elementor-id=\"8854\" class=\"elementor elementor-8854 elementor-2135\">\n\t\t\t\t\t\t<section class=\"elementor-section elementor-top-section elementor-element elementor-element-093ed5c elementor-section-boxed elementor-section-height-default elementor-section-height-default\" data-id=\"093ed5c\" data-element_type=\"section\" data-e-type=\"section\">\r\n\t\t\t\t\t\t<div class=\"elementor-container elementor-column-gap-thegem\"><div class=\"elementor-row\">\r\n\t\t\t\t\t<div class=\"elementor-column elementor-col-100 elementor-top-column elementor-element elementor-element-177cb28\" data-id=\"177cb28\" data-element_type=\"column\" data-e-type=\"column\">\n\t\t\t<div class=\"elementor-widget-wrap elementor-element-populated\">\n\t\t\t\t\t\t<div class=\"elementor-element elementor-element-31e62a9 flex-horizontal-align-default flex-horizontal-align-tablet-default flex-horizontal-align-mobile-default flex-vertical-align-default flex-vertical-align-tablet-default flex-vertical-align-mobile-default elementor-widget elementor-widget-spacer\" data-id=\"31e62a9\" data-element_type=\"widget\" data-e-type=\"widget\" data-widget_type=\"spacer.default\">\n\t\t\t\t<div class=\"elementor-widget-container\">\n\t\t\t\t\t\t\t<div class=\"elementor-spacer\">\n\t\t\t<div class=\"elementor-spacer-inner\"><\/div>\n\t\t<\/div>\n\t\t\t\t\t\t<\/div>\n\t\t\t\t<\/div>\n\t\t\t\t\t<\/div>\n\t\t<\/div>\n\t\t\t\t\t<\/div><\/div>\r\n\t\t<\/section>\r\n\t\t\t\t<section class=\"elementor-section elementor-top-section elementor-element elementor-element-e1fbb08 elementor-section-boxed elementor-section-height-default elementor-section-height-default\" data-id=\"e1fbb08\" data-element_type=\"section\" data-e-type=\"section\">\r\n\t\t\t\t\t\t<div class=\"elementor-container elementor-column-gap-thegem\"><div class=\"elementor-row\">\r\n\t\t\t\t\t<div class=\"elementor-column elementor-col-50 elementor-top-column elementor-element elementor-element-95c7b80\" data-id=\"95c7b80\" data-element_type=\"column\" data-e-type=\"column\" data-settings=\"{&quot;background_background&quot;:&quot;classic&quot;}\">\n\t\t\t<div class=\"elementor-widget-wrap elementor-element-populated\">\n\t\t\t\t\t\t<div class=\"elementor-element elementor-element-1883ceb flex-horizontal-align-default flex-horizontal-align-tablet-default flex-horizontal-align-mobile-default flex-vertical-align-default flex-vertical-align-tablet-default flex-vertical-align-mobile-default elementor-widget elementor-widget-spacer\" data-id=\"1883ceb\" data-element_type=\"widget\" data-e-type=\"widget\" data-widget_type=\"spacer.default\">\n\t\t\t\t<div class=\"elementor-widget-container\">\n\t\t\t\t\t\t\t<div class=\"elementor-spacer\">\n\t\t\t<div class=\"elementor-spacer-inner\"><\/div>\n\t\t<\/div>\n\t\t\t\t\t\t<\/div>\n\t\t\t\t<\/div>\n\t\t\t\t\t<\/div>\n\t\t<\/div>\n\t\t\t\t<div class=\"elementor-column elementor-col-50 elementor-top-column elementor-element elementor-element-4df4e48\" data-id=\"4df4e48\" data-element_type=\"column\" data-e-type=\"column\" data-settings=\"{&quot;background_background&quot;:&quot;classic&quot;}\">\n\t\t\t<div class=\"elementor-widget-wrap elementor-element-populated\">\n\t\t\t\t\t\t<div class=\"elementor-element elementor-element-a91af84 flex-horizontal-align-default flex-horizontal-align-tablet-default flex-horizontal-align-mobile-default flex-vertical-align-default flex-vertical-align-tablet-default flex-vertical-align-mobile-default elementor-widget elementor-widget-thegem-animated-heading\" data-id=\"a91af84\" data-element_type=\"widget\" data-e-type=\"widget\" data-widget_type=\"thegem-animated-heading.default\">\n\t\t\t\t<div class=\"elementor-widget-container\">\n\t\t\t\t\t<div class=\"thegem-heading thegem-animated-heading title-h2 with-label-icon\" id=\"thegem-heading-a91af84\"><span class=\"label-icon-wrap\"><span class=\"icon\"><i aria-hidden=\"true\" class=\"gem-elegant icon-compass-alt\"><\/i><\/span><span><span>Route du Nord<\/span> <\/span><\/span><\/div><style type=\"text\/css\">#thegem-heading-a91af84 {margin: 0;}<\/style>\t\t\t\t<\/div>\n\t\t\t\t<\/div>\n\t\t\t\t<div class=\"elementor-element elementor-element-cc319b3 flex-horizontal-align-default flex-horizontal-align-tablet-default flex-horizontal-align-mobile-default flex-vertical-align-default flex-vertical-align-tablet-default flex-vertical-align-mobile-default elementor-widget elementor-widget-text-editor\" data-id=\"cc319b3\" data-element_type=\"widget\" data-e-type=\"widget\" data-widget_type=\"text-editor.default\">\n\t\t\t\t<div class=\"elementor-widget-container\">\n\t\t\t\t\t\t\t\t\t\t\t\t<div class=\"elementor-text-editor elementor-clearfix\">\r\n\t\t\t\t\t\tD\u00e9couvrez des criques pr\u00e9serv\u00e9es, des villages de p\u00eacheurs et des eaux cristallines sur la route nord au d\u00e9part de Palam\u00f3s. Une exp\u00e9rience inoubliable en naviguant sur le meilleur de la Costa Brava. \t\t\t\t\t\t\t<\/div>\r\n\t\t\t\t\t\t\t\t\t\t<\/div>\n\t\t\t\t<\/div>\n\t\t\t\t<div class=\"elementor-element elementor-element-f99d965 flex-horizontal-align-default flex-horizontal-align-tablet-default flex-horizontal-align-mobile-default flex-vertical-align-default flex-vertical-align-tablet-default flex-vertical-align-mobile-default elementor-widget elementor-widget-thegem-styledbutton\" data-id=\"f99d965\" data-element_type=\"widget\" data-e-type=\"widget\" data-settings=\"{&quot;thegem_button_skin&quot;:&quot;flat&quot;}\" data-widget_type=\"thegem-styledbutton.default\">\n\t\t\t\t<div class=\"elementor-widget-container\">\n\t\t\t\t\t\n<div class=\"gem-button-container gem-widget-button\">\n\n\t\t<a class=\"gem-button gem-button-size-medium gem-button-text-weight-bold gem-button-style-flat\" href=\"\/fr\/itineraires-en-bateau-a-palamos\/nord\/\">\n\t\t<span class=\"gem-inner-wrapper-btn\">\n\t\t\t\t\t\t<span class=\"gem-text-button\">\n\t\t\t\tvoir l'itin\u00e9raire\t\t\t<\/span>\n\t\t<\/span>\n\t<\/a>\n\n\t\n<\/div>\t\t\t\t<\/div>\n\t\t\t\t<\/div>\n\t\t\t\t\t<\/div>\n\t\t<\/div>\n\t\t\t\t\t<\/div><\/div>\r\n\t\t<\/section>\r\n\t\t\t\t<section class=\"elementor-section elementor-top-section elementor-element elementor-element-4a2bbbc elementor-reverse-tablet elementor-reverse-mobile elementor-section-boxed elementor-section-height-default elementor-section-height-default\" data-id=\"4a2bbbc\" data-element_type=\"section\" data-e-type=\"section\">\r\n\t\t\t\t\t\t<div class=\"elementor-container elementor-column-gap-thegem\"><div class=\"elementor-row\">\r\n\t\t\t\t\t<div class=\"elementor-column elementor-col-50 elementor-top-column elementor-element elementor-element-5316e7d\" data-id=\"5316e7d\" data-element_type=\"column\" data-e-type=\"column\" data-settings=\"{&quot;background_background&quot;:&quot;classic&quot;}\">\n\t\t\t<div class=\"elementor-widget-wrap elementor-element-populated\">\n\t\t\t\t\t\t<div class=\"elementor-element elementor-element-4dde890 flex-horizontal-align-default flex-horizontal-align-tablet-default flex-horizontal-align-mobile-default flex-vertical-align-default flex-vertical-align-tablet-default flex-vertical-align-mobile-default elementor-widget elementor-widget-thegem-animated-heading\" data-id=\"4dde890\" data-element_type=\"widget\" data-e-type=\"widget\" data-widget_type=\"thegem-animated-heading.default\">\n\t\t\t\t<div class=\"elementor-widget-container\">\n\t\t\t\t\t<div class=\"thegem-heading thegem-animated-heading title-h2 with-label-icon\" id=\"thegem-heading-4dde890\"><span class=\"label-icon-wrap\"><span class=\"icon\"><i aria-hidden=\"true\" class=\"gem-elegant icon-compass\"><\/i><\/span><span><span>Route du Sud<\/span> <\/span><\/span><\/div><style type=\"text\/css\">#thegem-heading-4dde890 {margin: 0;}<\/style>\t\t\t\t<\/div>\n\t\t\t\t<\/div>\n\t\t\t\t<div class=\"elementor-element elementor-element-45a484b flex-horizontal-align-default flex-horizontal-align-tablet-default flex-horizontal-align-mobile-default flex-vertical-align-default flex-vertical-align-tablet-default flex-vertical-align-mobile-default elementor-widget elementor-widget-text-editor\" data-id=\"45a484b\" data-element_type=\"widget\" data-e-type=\"widget\" data-widget_type=\"text-editor.default\">\n\t\t\t\t<div class=\"elementor-widget-container\">\n\t\t\t\t\t\t\t\t\t\t\t\t<div class=\"elementor-text-editor elementor-clearfix\">\r\n\t\t\t\t\t\t<p>Naviguez vers le sud depuis Palam\u00f3s et d\u00e9couvrez les grandes plages, les falaises spectaculaires et les coins uniques de la Costa Brava. Un itin\u00e9raire parfait pour se d\u00e9tendre et explorer. <\/p>\t\t\t\t\t\t\t<\/div>\r\n\t\t\t\t\t\t\t\t\t\t<\/div>\n\t\t\t\t<\/div>\n\t\t\t\t<div class=\"elementor-element elementor-element-b2eb777 flex-horizontal-align-default flex-horizontal-align-tablet-default flex-horizontal-align-mobile-default flex-vertical-align-default flex-vertical-align-tablet-default flex-vertical-align-mobile-default elementor-widget elementor-widget-thegem-styledbutton\" data-id=\"b2eb777\" data-element_type=\"widget\" data-e-type=\"widget\" data-settings=\"{&quot;thegem_button_skin&quot;:&quot;flat&quot;}\" data-widget_type=\"thegem-styledbutton.default\">\n\t\t\t\t<div class=\"elementor-widget-container\">\n\t\t\t\t\t\n<div class=\"gem-button-container gem-widget-button\">\n\n\t\t<a class=\"gem-button gem-button-size-medium gem-button-text-weight-bold gem-button-style-flat\" href=\"\/fr\/itineraires-en-bateau-a-palamos\/sud\/\">\n\t\t<span class=\"gem-inner-wrapper-btn\">\n\t\t\t\t\t\t<span class=\"gem-text-button\">\n\t\t\t\tvoir l'itin\u00e9raire\t\t\t<\/span>\n\t\t<\/span>\n\t<\/a>\n\n\t\n<\/div>\t\t\t\t<\/div>\n\t\t\t\t<\/div>\n\t\t\t\t\t<\/div>\n\t\t<\/div>\n\t\t\t\t<div class=\"elementor-column elementor-col-50 elementor-top-column elementor-element elementor-element-23ce2fb\" data-id=\"23ce2fb\" data-element_type=\"column\" data-e-type=\"column\" data-settings=\"{&quot;background_background&quot;:&quot;classic&quot;}\">\n\t\t\t<div class=\"elementor-widget-wrap elementor-element-populated\">\n\t\t\t\t\t\t<div class=\"elementor-element elementor-element-9d6025e flex-horizontal-align-default flex-horizontal-align-tablet-default flex-horizontal-align-mobile-default flex-vertical-align-default flex-vertical-align-tablet-default flex-vertical-align-mobile-default elementor-widget elementor-widget-spacer\" data-id=\"9d6025e\" data-element_type=\"widget\" data-e-type=\"widget\" data-widget_type=\"spacer.default\">\n\t\t\t\t<div class=\"elementor-widget-container\">\n\t\t\t\t\t\t\t<div class=\"elementor-spacer\">\n\t\t\t<div class=\"elementor-spacer-inner\"><\/div>\n\t\t<\/div>\n\t\t\t\t\t\t<\/div>\n\t\t\t\t<\/div>\n\t\t\t\t\t<\/div>\n\t\t<\/div>\n\t\t\t\t\t<\/div><\/div>\r\n\t\t<\/section>\r\n\t\t\t\t<\/div>\n\t\t","protected":false},"excerpt":{"rendered":"D\u00e9couvrez des criques uniques en naviguant sur nos itin\u00e9raires nord et sud","protected":false},"author":1,"featured_media":0,"parent":0,"menu_order":0,"comment_status":"closed","ping_status":"closed","template":"page-fullwidth.php","meta":{"_acf_changed":false,"footnotes":""},"class_list":["post-8854","page","type-page","status-publish"],"acf":[],"yoast_head":"<!-- This site is optimized with the Yoast SEO plugin v27.5 - https:\/\/yoast.com\/product\/yoast-seo-wordpress\/ -->\n<title>Itin\u00e9raires en bateau \u00e0 Palam\u00f3s | Rent Boats Costa Brava<\/title>\n<meta name=\"description\" content=\"D\u00e9couvrez les meilleurs itin\u00e9raires en bateau depuis Palam\u00f3s. Explorez criques et plages uniques de la Costa Brava avec ou sans permis.\" \/>\n<meta name=\"robots\" content=\"index, follow, max-snippet:-1, max-image-preview:large, max-video-preview:-1\" \/>\n<link rel=\"canonical\" href=\"https:\/\/rentboatscostabrava.com\/fr\/itineraires-en-bateau-a-palamos\/\" \/>\n<meta property=\"og:locale\" content=\"fr_FR\" \/>\n<meta property=\"og:type\" content=\"article\" \/>\n<meta property=\"og:title\" content=\"Itin\u00e9raires en bateau \u00e0 Palam\u00f3s | Rent Boats Costa Brava\" \/>\n<meta property=\"og:description\" content=\"D\u00e9couvrez les meilleurs itin\u00e9raires en bateau depuis Palam\u00f3s. Explorez criques et plages uniques de la Costa Brava avec ou sans permis.\" \/>\n<meta property=\"og:url\" content=\"https:\/\/rentboatscostabrava.com\/fr\/itineraires-en-bateau-a-palamos\/\" \/>\n<meta property=\"og:site_name\" content=\"Rent Boats Costa Brava\" \/>\n<meta property=\"article:modified_time\" content=\"2025-06-17T13:22:52+00:00\" \/>\n<meta name=\"twitter:card\" content=\"summary_large_image\" \/>\n<meta name=\"twitter:label1\" content=\"Dur\u00e9e de lecture estim\u00e9e\" \/>\n\t<meta name=\"twitter:data1\" content=\"1 minute\" \/>\n<script type=\"application\/ld+json\" class=\"yoast-schema-graph\">{\"@context\":\"https:\\\/\\\/schema.org\",\"@graph\":[{\"@type\":\"WebPage\",\"@id\":\"https:\\\/\\\/rentboatscostabrava.com\\\/fr\\\/itineraires-en-bateau-a-palamos\\\/\",\"url\":\"https:\\\/\\\/rentboatscostabrava.com\\\/fr\\\/itineraires-en-bateau-a-palamos\\\/\",\"name\":\"Itin\u00e9raires en bateau \u00e0 Palam\u00f3s | Rent Boats Costa Brava\",\"isPartOf\":{\"@id\":\"https:\\\/\\\/rentboatscostabrava.com\\\/fr\\\/#website\"},\"datePublished\":\"2023-08-26T11:37:58+00:00\",\"dateModified\":\"2025-06-17T13:22:52+00:00\",\"description\":\"D\u00e9couvrez les meilleurs itin\u00e9raires en bateau depuis Palam\u00f3s. Explorez criques et plages uniques de la Costa Brava avec ou sans permis.\",\"breadcrumb\":{\"@id\":\"https:\\\/\\\/rentboatscostabrava.com\\\/fr\\\/itineraires-en-bateau-a-palamos\\\/#breadcrumb\"},\"inLanguage\":\"fr-FR\",\"potentialAction\":[{\"@type\":\"ReadAction\",\"target\":[\"https:\\\/\\\/rentboatscostabrava.com\\\/fr\\\/itineraires-en-bateau-a-palamos\\\/\"]}]},{\"@type\":\"BreadcrumbList\",\"@id\":\"https:\\\/\\\/rentboatscostabrava.com\\\/fr\\\/itineraires-en-bateau-a-palamos\\\/#breadcrumb\",\"itemListElement\":[{\"@type\":\"ListItem\",\"position\":1,\"name\":\"Portada\",\"item\":\"https:\\\/\\\/rentboatscostabrava.com\\\/fr\\\/\"},{\"@type\":\"ListItem\",\"position\":2,\"name\":\"Itin\u00e9raires en bateau \u00e0 Palam\u00f3s\"}]},{\"@type\":\"WebSite\",\"@id\":\"https:\\\/\\\/rentboatscostabrava.com\\\/fr\\\/#website\",\"url\":\"https:\\\/\\\/rentboatscostabrava.com\\\/fr\\\/\",\"name\":\"Rent Boats Costa Brava\",\"description\":\"\",\"publisher\":{\"@id\":\"https:\\\/\\\/rentboatscostabrava.com\\\/fr\\\/#organization\"},\"potentialAction\":[{\"@type\":\"SearchAction\",\"target\":{\"@type\":\"EntryPoint\",\"urlTemplate\":\"https:\\\/\\\/rentboatscostabrava.com\\\/fr\\\/?s={search_term_string}\"},\"query-input\":{\"@type\":\"PropertyValueSpecification\",\"valueRequired\":true,\"valueName\":\"search_term_string\"}}],\"inLanguage\":\"fr-FR\"},{\"@type\":\"Organization\",\"@id\":\"https:\\\/\\\/rentboatscostabrava.com\\\/fr\\\/#organization\",\"name\":\"Rent Boats Costa Brava\",\"url\":\"https:\\\/\\\/rentboatscostabrava.com\\\/fr\\\/\",\"logo\":{\"@type\":\"ImageObject\",\"inLanguage\":\"fr-FR\",\"@id\":\"https:\\\/\\\/rentboatscostabrava.com\\\/fr\\\/#\\\/schema\\\/logo\\\/image\\\/\",\"url\":\"https:\\\/\\\/rentboatscostabrava.com\\\/wp-content\\\/uploads\\\/2025\\\/03\\\/logo-rent-a-boat-palamos.png\",\"contentUrl\":\"https:\\\/\\\/rentboatscostabrava.com\\\/wp-content\\\/uploads\\\/2025\\\/03\\\/logo-rent-a-boat-palamos.png\",\"width\":399,\"height\":251,\"caption\":\"Rent Boats Costa Brava\"},\"image\":{\"@id\":\"https:\\\/\\\/rentboatscostabrava.com\\\/fr\\\/#\\\/schema\\\/logo\\\/image\\\/\"},\"sameAs\":[\"https:\\\/\\\/www.instagram.com\\\/rentboats_costabrava\\\/\"]}]}<\/script>\n<!-- \/ Yoast SEO plugin. -->","yoast_head_json":{"title":"Itin\u00e9raires en bateau \u00e0 Palam\u00f3s | Rent Boats Costa Brava","description":"D\u00e9couvrez les meilleurs itin\u00e9raires en bateau depuis Palam\u00f3s. Explorez criques et plages uniques de la Costa Brava avec ou sans permis.","robots":{"index":"index","follow":"follow","max-snippet":"max-snippet:-1","max-image-preview":"max-image-preview:large","max-video-preview":"max-video-preview:-1"},"canonical":"https:\/\/rentboatscostabrava.com\/fr\/itineraires-en-bateau-a-palamos\/","og_locale":"fr_FR","og_type":"article","og_title":"Itin\u00e9raires en bateau \u00e0 Palam\u00f3s | Rent Boats Costa Brava","og_description":"D\u00e9couvrez les meilleurs itin\u00e9raires en bateau depuis Palam\u00f3s. Explorez criques et plages uniques de la Costa Brava avec ou sans permis.","og_url":"https:\/\/rentboatscostabrava.com\/fr\/itineraires-en-bateau-a-palamos\/","og_site_name":"Rent Boats Costa Brava","article_modified_time":"2025-06-17T13:22:52+00:00","twitter_card":"summary_large_image","twitter_misc":{"Dur\u00e9e de lecture estim\u00e9e":"1 minute"},"schema":{"@context":"https:\/\/schema.org","@graph":[{"@type":"WebPage","@id":"https:\/\/rentboatscostabrava.com\/fr\/itineraires-en-bateau-a-palamos\/","url":"https:\/\/rentboatscostabrava.com\/fr\/itineraires-en-bateau-a-palamos\/","name":"Itin\u00e9raires en bateau \u00e0 Palam\u00f3s | Rent Boats Costa Brava","isPartOf":{"@id":"https:\/\/rentboatscostabrava.com\/fr\/#website"},"datePublished":"2023-08-26T11:37:58+00:00","dateModified":"2025-06-17T13:22:52+00:00","description":"D\u00e9couvrez les meilleurs itin\u00e9raires en bateau depuis Palam\u00f3s. Explorez criques et plages uniques de la Costa Brava avec ou sans permis.","breadcrumb":{"@id":"https:\/\/rentboatscostabrava.com\/fr\/itineraires-en-bateau-a-palamos\/#breadcrumb"},"inLanguage":"fr-FR","potentialAction":[{"@type":"ReadAction","target":["https:\/\/rentboatscostabrava.com\/fr\/itineraires-en-bateau-a-palamos\/"]}]},{"@type":"BreadcrumbList","@id":"https:\/\/rentboatscostabrava.com\/fr\/itineraires-en-bateau-a-palamos\/#breadcrumb","itemListElement":[{"@type":"ListItem","position":1,"name":"Portada","item":"https:\/\/rentboatscostabrava.com\/fr\/"},{"@type":"ListItem","position":2,"name":"Itin\u00e9raires en bateau \u00e0 Palam\u00f3s"}]},{"@type":"WebSite","@id":"https:\/\/rentboatscostabrava.com\/fr\/#website","url":"https:\/\/rentboatscostabrava.com\/fr\/","name":"Rent Boats Costa Brava","description":"","publisher":{"@id":"https:\/\/rentboatscostabrava.com\/fr\/#organization"},"potentialAction":[{"@type":"SearchAction","target":{"@type":"EntryPoint","urlTemplate":"https:\/\/rentboatscostabrava.com\/fr\/?s={search_term_string}"},"query-input":{"@type":"PropertyValueSpecification","valueRequired":true,"valueName":"search_term_string"}}],"inLanguage":"fr-FR"},{"@type":"Organization","@id":"https:\/\/rentboatscostabrava.com\/fr\/#organization","name":"Rent Boats Costa Brava","url":"https:\/\/rentboatscostabrava.com\/fr\/","logo":{"@type":"ImageObject","inLanguage":"fr-FR","@id":"https:\/\/rentboatscostabrava.com\/fr\/#\/schema\/logo\/image\/","url":"https:\/\/rentboatscostabrava.com\/wp-content\/uploads\/2025\/03\/logo-rent-a-boat-palamos.png","contentUrl":"https:\/\/rentboatscostabrava.com\/wp-content\/uploads\/2025\/03\/logo-rent-a-boat-palamos.png","width":399,"height":251,"caption":"Rent Boats Costa Brava"},"image":{"@id":"https:\/\/rentboatscostabrava.com\/fr\/#\/schema\/logo\/image\/"},"sameAs":["https:\/\/www.instagram.com\/rentboats_costabrava\/"]}]}},"_links":{"self":[{"href":"https:\/\/rentboatscostabrava.com\/fr\/wp-json\/wp\/v2\/pages\/8854","targetHints":{"allow":["GET"]}}],"collection":[{"href":"https:\/\/rentboatscostabrava.com\/fr\/wp-json\/wp\/v2\/pages"}],"about":[{"href":"https:\/\/rentboatscostabrava.com\/fr\/wp-json\/wp\/v2\/types\/page"}],"author":[{"embeddable":true,"href":"https:\/\/rentboatscostabrava.com\/fr\/wp-json\/wp\/v2\/users\/1"}],"replies":[{"embeddable":true,"href":"https:\/\/rentboatscostabrava.com\/fr\/wp-json\/wp\/v2\/comments?post=8854"}],"version-history":[{"count":6,"href":"https:\/\/rentboatscostabrava.com\/fr\/wp-json\/wp\/v2\/pages\/8854\/revisions"}],"predecessor-version":[{"id":11049,"href":"https:\/\/rentboatscostabrava.com\/fr\/wp-json\/wp\/v2\/pages\/8854\/revisions\/11049"}],"wp:attachment":[{"href":"https:\/\/rentboatscostabrava.com\/fr\/wp-json\/wp\/v2\/media?parent=8854"}],"curies":[{"name":"wp","href":"https:\/\/api.w.org\/{rel}","templated":true}]}}